{"id":33371,"date":"2026-02-19T10:08:52","date_gmt":"2026-02-19T13:08:52","guid":{"rendered":"https:\/\/urbantacs.cl\/?post_type=product&#038;p=33371"},"modified":"2026-02-20T10:24:31","modified_gmt":"2026-02-20T13:24:31","slug":"aimpoint-acro-c-2-35moa-mira-de-punto-rojo-incluye-montura-w-fixed-mount","status":"publish","type":"product","link":"https:\/\/urbantacs.cl\/en\/product\/aimpoint-acro-c-2-35moa-mira-de-punto-rojo-incluye-montura-w-fixed-mount\/","title":{"rendered":"AIMPOINT \u2013 ACRO C-2 3,5MOA \u2013 MIRA DE PUNTO ROJO,   Montura W Fixed Mount"},"content":{"rendered":"<h1 class=\"product_title entry-title\">INCLUYE SOPORTE PICATINNY<\/h1>","protected":false},"excerpt":{"rendered":"<p>Aimpoint\u00ae Acro\u00ae C-2 es la pr\u00f3xima generaci\u00f3n de la serie ACRO con tecnolog\u00eda optimizada.<\/p>\n<p>Con el nuevo tama\u00f1o de bater\u00eda de CR2032 y la nueva tecnolog\u00eda de diodos, el ACRO C-2 tendr\u00e1 5 a\u00f1os de uso continuo en el ajuste 6\/10 (ajuste de luz diurna). El nuevo LED le ofrece un punto 3.5 MOA m\u00e1s brillante.<\/p>\n<p>Probada con un m\u00ednimo de 20.000 rondas en una corredera de pistola del calibre 0,40, esta peque\u00f1a \u00f3ptica ha demostrado ser l\u00edder en robustez y fiabilidad. Cuenta con la confianza de cuerpos policiales, militares, cazadores y tiradores deportivos por igual. Todos ellos conf\u00edan en los beneficios de ACRO . Su sistema cerrado la hace fiable y operativa en cualquier condici\u00f3n meteorol\u00f3gica.<\/p>\n<p><strong>ACRO C-2 es una \u00f3ptica ligera de perfil bajo que proporciona una r\u00e1pida adquisici\u00f3n del blanco y un campo de visi\u00f3n ilimitado.<\/strong><\/p>\n<p>&nbsp;<\/p>\n<p><strong>IMPORTANTE:<\/strong>\u00a0Este es un producto sometido a control por la Direcci\u00f3n General de Movilizaci\u00f3n Nacional (DGMN), antes de comprar aseg\u00farese de cumplir con todos los requisitos y requerimientos establecidos en la ley N\u00b017.798 de control de armas.<\/p>\n<p>&nbsp;<\/p>","protected":false},"featured_media":33372,"comment_status":"open","ping_status":"closed","template":"","meta":[],"product_brand":[],"product_cat":[43],"product_tag":[],"class_list":{"0":"post-33371","1":"product","2":"type-product","3":"status-publish","4":"has-post-thumbnail","6":"product_cat-accesorios","8":"first","9":"instock","10":"sale","11":"shipping-taxable","12":"purchasable","13":"product-type-simple"},"_links":{"self":[{"href":"https:\/\/urbantacs.cl\/en\/wp-json\/wp\/v2\/product\/33371","targetHints":{"allow":["GET"]}}],"collection":[{"href":"https:\/\/urbantacs.cl\/en\/wp-json\/wp\/v2\/product"}],"about":[{"href":"https:\/\/urbantacs.cl\/en\/wp-json\/wp\/v2\/types\/product"}],"replies":[{"embeddable":true,"href":"https:\/\/urbantacs.cl\/en\/wp-json\/wp\/v2\/comments?post=33371"}],"wp:featuredmedia":[{"embeddable":true,"href":"https:\/\/urbantacs.cl\/en\/wp-json\/wp\/v2\/media\/33372"}],"wp:attachment":[{"href":"https:\/\/urbantacs.cl\/en\/wp-json\/wp\/v2\/media?parent=33371"}],"wp:term":[{"taxonomy":"product_brand","embeddable":true,"href":"https:\/\/urbantacs.cl\/en\/wp-json\/wp\/v2\/product_brand?post=33371"},{"taxonomy":"product_cat","embeddable":true,"href":"https:\/\/urbantacs.cl\/en\/wp-json\/wp\/v2\/product_cat?post=33371"},{"taxonomy":"product_tag","embeddable":true,"href":"https:\/\/urbantacs.cl\/en\/wp-json\/wp\/v2\/product_tag?post=33371"}],"curies":[{"name":"wp","href":"https:\/\/api.w.org\/{rel}","templated":true}]}}