{"id":33377,"date":"2026-02-19T10:52:40","date_gmt":"2026-02-19T13:52:40","guid":{"rendered":"https:\/\/urbantacs.cl\/?post_type=product&#038;p=33377"},"modified":"2026-02-20T10:23:57","modified_gmt":"2026-02-20T13:23:57","slug":"aimpoint-9000l-2moa-acet-mira-de-punto-rojo","status":"publish","type":"product","link":"https:\/\/urbantacs.cl\/en\/product\/aimpoint-9000l-2moa-acet-mira-de-punto-rojo\/","title":{"rendered":"AIMPOINT \u2013 9000L  2MOA   ACET \u2013 MIRA DE PUNTO ROJO"},"content":{"rendered":"<p>INCLUYE\u00a0 \u00a0:\u00a0 Tapas de objetivo abatibles negras \/ s\u00f3lidas<\/p>","protected":false},"excerpt":{"rendered":"<div class=\"flex justify-between mb-2\">\n<h1 class=\"max-w-md leading-6 text-h4\"><span class=\"flex flex-col\"><span class=\"mb-1 font-medium text-h1\">9000\u2122 SC<\/span><span class=\"font-normal text-h4\">2 MOA &#8211; Mira de punto rojo<\/span><\/span><\/h1>\n<p>9000\u2122 SC2 MOA &#8211; Mira de punto rojo<\/p>\n<ol>\n<li>000 horas (m\u00e1s de 5 a\u00f1os) de funcionamiento constante en una sola bater\u00eda<\/li>\n<li>Sumergible a 5 metros<\/li>\n<li>Peso 206 gramos solo visor<\/li>\n<li>Ajuste de intensidad rotativa de 10 posiciones<\/li>\n<li>Tama\u00f1o de punto 2 MOA<\/li>\n<\/ol>\n<ul id=\"product-toolbar\" class=\"flex justify-end gap-8 flex-row items-baseline\" aria-label=\"Acciones del producto\"><\/ul>\n<\/div>\n<ul>\n<li>Las miras r\u00e9flex de punto rojo Aimpoint\u00ae 9000\u2122 existen desde hace d\u00e9cadas y siguen siendo una opci\u00f3n fiable para los cazadores que no buscan las caracter\u00edsticas ni el desarrollo t\u00e9cnico m\u00e1s novedosos. Con\u00a0 un ajuste mec\u00e1nico de la intensidad del punto y se pueden montar para adaptarse a los usuarios zurdos y diestros. La serie 9000\u2122 ofrece \u00f3pticas f\u00e1ciles de usar a un valor incre\u00edble.<br \/>\nLas miras de la serie 9000\u2122 fueron dise\u00f1adas principalmente para su uso en rifles de caza y se convirtieron r\u00e1pidamente en una soluci\u00f3n \u00f3ptica popular para los cazadores de ballestas y pistolas magnum. Tanto en la caza menor como en la mayor, las miras de punto rojo de la serie AIMPOINT 9000\u2122 ayudan a mejorar la velocidad y la precisi\u00f3n para cualquier nivel de habilidad y se mantienen fieles con el tiempo.<\/li>\n<\/ul>\n<p><strong>IMPORTANTE:<\/strong>\u00a0Este es un producto sometido a control por la Direcci\u00f3n General de Movilizaci\u00f3n Nacional (DGMN), antes de comprar aseg\u00farese de cumplir con todos los requisitos y requerimientos establecidos en la ley N\u00b017.798 de control de armas.<\/p>","protected":false},"featured_media":33380,"comment_status":"open","ping_status":"closed","template":"","meta":[],"product_brand":[],"product_cat":[43],"product_tag":[],"class_list":{"0":"post-33377","1":"product","2":"type-product","3":"status-publish","4":"has-post-thumbnail","6":"product_cat-accesorios","8":"first","9":"instock","10":"shipping-taxable","11":"purchasable","12":"product-type-simple"},"_links":{"self":[{"href":"https:\/\/urbantacs.cl\/en\/wp-json\/wp\/v2\/product\/33377","targetHints":{"allow":["GET"]}}],"collection":[{"href":"https:\/\/urbantacs.cl\/en\/wp-json\/wp\/v2\/product"}],"about":[{"href":"https:\/\/urbantacs.cl\/en\/wp-json\/wp\/v2\/types\/product"}],"replies":[{"embeddable":true,"href":"https:\/\/urbantacs.cl\/en\/wp-json\/wp\/v2\/comments?post=33377"}],"wp:featuredmedia":[{"embeddable":true,"href":"https:\/\/urbantacs.cl\/en\/wp-json\/wp\/v2\/media\/33380"}],"wp:attachment":[{"href":"https:\/\/urbantacs.cl\/en\/wp-json\/wp\/v2\/media?parent=33377"}],"wp:term":[{"taxonomy":"product_brand","embeddable":true,"href":"https:\/\/urbantacs.cl\/en\/wp-json\/wp\/v2\/product_brand?post=33377"},{"taxonomy":"product_cat","embeddable":true,"href":"https:\/\/urbantacs.cl\/en\/wp-json\/wp\/v2\/product_cat?post=33377"},{"taxonomy":"product_tag","embeddable":true,"href":"https:\/\/urbantacs.cl\/en\/wp-json\/wp\/v2\/product_tag?post=33377"}],"curies":[{"name":"wp","href":"https:\/\/api.w.org\/{rel}","templated":true}]}}