{"id":33401,"date":"2026-02-19T14:04:56","date_gmt":"2026-02-19T17:04:56","guid":{"rendered":"https:\/\/urbantacs.cl\/?post_type=product&#038;p=33401"},"modified":"2026-03-17T12:44:05","modified_gmt":"2026-03-17T15:44:05","slug":"pistola-hellcat-pro-springfield-armory-2","status":"publish","type":"product","link":"https:\/\/urbantacs.cl\/en\/product\/pistola-hellcat-pro-springfield-armory-2\/","title":{"rendered":"PISTOLA HELLCAT PRO SPRINGFIELD ARMORY"},"content":{"rendered":"","protected":false},"excerpt":{"rendered":"<p>Pistola HELLCAT PRO SPRINGFIELD ARMORY , 9mm.<\/p>\n<p>Dos Cargadores, 1 x 15\u00a0 y\u00a0 1 x 17 tiros.<\/p>\n<div>Descargue Manual:\u00a0<a href=\"https:\/\/armas1000.cl\/wp-content\/uploads\/2025\/01\/HELLCAT-PRO-SPANISH-VERSION.pdf\">HELLCAT PRO SPANISH VERSION<\/a><\/div>\n<div><\/div>\n<div><\/div>\n<div>\n<p><strong>IMPORTANTE:<\/strong>\u00a0Este es un producto sometido a control por la Direcci\u00f3n General de Movilizaci\u00f3n Nacional (DGMN), antes de comprar aseg\u00farese de cumplir con todos los requisitos y requerimientos establecidos en la ley N\u00b017.798 de control de armas.<\/p>\n<\/div>","protected":false},"featured_media":33403,"comment_status":"open","ping_status":"closed","template":"","meta":[],"product_brand":[],"product_cat":[47,45,55],"product_tag":[],"class_list":{"0":"post-33401","1":"product","2":"type-product","3":"status-publish","4":"has-post-thumbnail","6":"product_cat-armas-cortas","7":"product_cat-pistolas","8":"product_cat-pringfield-armory","10":"first","11":"outofstock","12":"shipping-taxable","13":"purchasable","14":"product-type-simple"},"_links":{"self":[{"href":"https:\/\/urbantacs.cl\/en\/wp-json\/wp\/v2\/product\/33401","targetHints":{"allow":["GET"]}}],"collection":[{"href":"https:\/\/urbantacs.cl\/en\/wp-json\/wp\/v2\/product"}],"about":[{"href":"https:\/\/urbantacs.cl\/en\/wp-json\/wp\/v2\/types\/product"}],"replies":[{"embeddable":true,"href":"https:\/\/urbantacs.cl\/en\/wp-json\/wp\/v2\/comments?post=33401"}],"wp:featuredmedia":[{"embeddable":true,"href":"https:\/\/urbantacs.cl\/en\/wp-json\/wp\/v2\/media\/33403"}],"wp:attachment":[{"href":"https:\/\/urbantacs.cl\/en\/wp-json\/wp\/v2\/media?parent=33401"}],"wp:term":[{"taxonomy":"product_brand","embeddable":true,"href":"https:\/\/urbantacs.cl\/en\/wp-json\/wp\/v2\/product_brand?post=33401"},{"taxonomy":"product_cat","embeddable":true,"href":"https:\/\/urbantacs.cl\/en\/wp-json\/wp\/v2\/product_cat?post=33401"},{"taxonomy":"product_tag","embeddable":true,"href":"https:\/\/urbantacs.cl\/en\/wp-json\/wp\/v2\/product_tag?post=33401"}],"curies":[{"name":"wp","href":"https:\/\/api.w.org\/{rel}","templated":true}]}}