{"id":33426,"date":"2026-02-20T11:12:14","date_gmt":"2026-02-20T14:12:14","guid":{"rendered":"https:\/\/urbantacs.cl\/?post_type=product&#038;p=33426"},"modified":"2026-02-20T11:19:22","modified_gmt":"2026-02-20T14:19:22","slug":"pack-full-traumatica-hdr50-umarex","status":"publish","type":"product","link":"https:\/\/urbantacs.cl\/en\/product\/pack-full-traumatica-hdr50-umarex\/","title":{"rendered":"PACK FULL TRAUMATICA HDR50 UMAREX"},"content":{"rendered":"","protected":false},"excerpt":{"rendered":"<p>PACK FULL HDR50, Incluye:<\/p>\n<ul>\n<li>1 Rev\u00f3lver HDR50 Umarex<\/li>\n<li>1 Funda Holster Umarex<\/li>\n<li>50 balines de goma cal. 50 Umarex<\/li>\n<li>5 C\u00e1psulas de CO2<\/li>\n<li>El HDR 50 es un rev\u00f3lver cuyas fortalezas est\u00e1n claramente en el gran calibre .50, la enorme energ\u00eda y el aspecto llamativo. No menos de seis balas calibre .50 se pueden cargar f\u00e1cilmente en el cargador, defendiendo a un atacante con hasta 11 julios. El poder para esto es proporcionado por una c\u00e1psula de CO2. Tiene su lugar en el mango, pero se perfora gracias a Quick-Piercing solo por un ligero golpe en la parte inferior del mango. Con \u00e9l, su Home Defense Revolver 50 est\u00e1 listo para funcionar y garantiza c\u00e1psulas completas siempre que las necesite. Las superficies de agarre estructuradas aseguran un agarre firme incluso en situaciones de estr\u00e9s y el dispositivo de seguridad de gatillo-jalado evita el aflojamiento no deseado en caso de una ca\u00edda.Calibre 0.50<br \/>\nCargador 6 disparos<br \/>\nVelocidad 134 m \/ s<br \/>\nNivel de energ\u00eda &lt;11 julios<br \/>\nLongitud 225 mm<\/li>\n<\/ul>","protected":false},"featured_media":33427,"comment_status":"open","ping_status":"closed","template":"","meta":[],"product_brand":[],"product_cat":[66],"product_tag":[],"class_list":{"0":"post-33426","1":"product","2":"type-product","3":"status-publish","4":"has-post-thumbnail","6":"product_cat-armas-traumaticas","8":"first","9":"instock","10":"shipping-taxable","11":"purchasable","12":"product-type-simple"},"_links":{"self":[{"href":"https:\/\/urbantacs.cl\/en\/wp-json\/wp\/v2\/product\/33426","targetHints":{"allow":["GET"]}}],"collection":[{"href":"https:\/\/urbantacs.cl\/en\/wp-json\/wp\/v2\/product"}],"about":[{"href":"https:\/\/urbantacs.cl\/en\/wp-json\/wp\/v2\/types\/product"}],"replies":[{"embeddable":true,"href":"https:\/\/urbantacs.cl\/en\/wp-json\/wp\/v2\/comments?post=33426"}],"wp:featuredmedia":[{"embeddable":true,"href":"https:\/\/urbantacs.cl\/en\/wp-json\/wp\/v2\/media\/33427"}],"wp:attachment":[{"href":"https:\/\/urbantacs.cl\/en\/wp-json\/wp\/v2\/media?parent=33426"}],"wp:term":[{"taxonomy":"product_brand","embeddable":true,"href":"https:\/\/urbantacs.cl\/en\/wp-json\/wp\/v2\/product_brand?post=33426"},{"taxonomy":"product_cat","embeddable":true,"href":"https:\/\/urbantacs.cl\/en\/wp-json\/wp\/v2\/product_cat?post=33426"},{"taxonomy":"product_tag","embeddable":true,"href":"https:\/\/urbantacs.cl\/en\/wp-json\/wp\/v2\/product_tag?post=33426"}],"curies":[{"name":"wp","href":"https:\/\/api.w.org\/{rel}","templated":true}]}}