{"id":33436,"date":"2026-02-20T13:28:45","date_gmt":"2026-02-20T16:28:45","guid":{"rendered":"https:\/\/urbantacs.cl\/?post_type=product&#038;p=33436"},"modified":"2026-02-20T16:14:19","modified_gmt":"2026-02-20T19:14:19","slug":"funda-pistola-holster-cytac-izquierda-zurda","status":"publish","type":"product","link":"https:\/\/urbantacs.cl\/en\/product\/funda-pistola-holster-cytac-izquierda-zurda\/","title":{"rendered":"FUNDA PISTOLA HOLSTER CYTAC IZQUIERDA, PARA PERSONAS \u00abZURDA\u00bb"},"content":{"rendered":"","protected":false},"excerpt":{"rendered":"<p>Funda Holster T\u00e1ctica Porta Arma Universal Cytac para uso con mano izquierda. Compatible con m\u00e1s de 70 modelos de armas, incluyendo:<\/p>\n<ul>\n<li>&#8211; Glock 17, 19, 21, 27, 34, 43<\/li>\n<li>Sig Sawer<\/li>\n<li>Taurus Millennium, Taurus 100, Taurus 92, PT938, T800 series, PT809, PT709<\/li>\n<li>&#8211; Beretta 92, 92FS, PX4, APX<\/li>\n<li>&#8211; Walther P99 QA, PPQ (M1 M2 M3)<\/li>\n<li>&#8211; Sig Sauer P226, Sig Pro 2022 (versi\u00f3n Alemania o USA), P320, P299, P250<\/li>\n<li>&#8211; CZ P07, P09, CZ 75 SP-01 Shadow 1, P-10C<\/li>\n<li>&#8211; Springfield XDS, XD-9, XDS .45, XD40, XD45, XDM-40, XDM-45AP, XDE-9, XDM-9<\/li>\n<li>&#8211; Kahr CW45<\/li>\n<li>&#8211; H$K ,SFP9, VP9 Usp<\/li>\n<li>&#8211; Ruger RSR9, SR9C, y otros modelos compatibles.<\/li>\n<\/ul>\n<p>&nbsp;<\/p>\n<p>Fabricada en pol\u00edmero de alta durabilidad y resistencia, cuenta con un sistema de retenci\u00f3n con bot\u00f3n de liberaci\u00f3n.<\/p>","protected":false},"featured_media":33437,"comment_status":"open","ping_status":"closed","template":"","meta":[],"product_brand":[],"product_cat":[45,43],"product_tag":[],"class_list":{"0":"post-33436","1":"product","2":"type-product","3":"status-publish","4":"has-post-thumbnail","6":"product_cat-pistolas","7":"product_cat-accesorios","9":"first","10":"instock","11":"shipping-taxable","12":"purchasable","13":"product-type-simple"},"_links":{"self":[{"href":"https:\/\/urbantacs.cl\/en\/wp-json\/wp\/v2\/product\/33436","targetHints":{"allow":["GET"]}}],"collection":[{"href":"https:\/\/urbantacs.cl\/en\/wp-json\/wp\/v2\/product"}],"about":[{"href":"https:\/\/urbantacs.cl\/en\/wp-json\/wp\/v2\/types\/product"}],"replies":[{"embeddable":true,"href":"https:\/\/urbantacs.cl\/en\/wp-json\/wp\/v2\/comments?post=33436"}],"wp:featuredmedia":[{"embeddable":true,"href":"https:\/\/urbantacs.cl\/en\/wp-json\/wp\/v2\/media\/33437"}],"wp:attachment":[{"href":"https:\/\/urbantacs.cl\/en\/wp-json\/wp\/v2\/media?parent=33436"}],"wp:term":[{"taxonomy":"product_brand","embeddable":true,"href":"https:\/\/urbantacs.cl\/en\/wp-json\/wp\/v2\/product_brand?post=33436"},{"taxonomy":"product_cat","embeddable":true,"href":"https:\/\/urbantacs.cl\/en\/wp-json\/wp\/v2\/product_cat?post=33436"},{"taxonomy":"product_tag","embeddable":true,"href":"https:\/\/urbantacs.cl\/en\/wp-json\/wp\/v2\/product_tag?post=33436"}],"curies":[{"name":"wp","href":"https:\/\/api.w.org\/{rel}","templated":true}]}}