{"id":33439,"date":"2026-02-20T14:37:07","date_gmt":"2026-02-20T17:37:07","guid":{"rendered":"https:\/\/urbantacs.cl\/?post_type=product&#038;p=33439"},"modified":"2026-02-23T09:40:11","modified_gmt":"2026-02-23T12:40:11","slug":"funda-cintura-cytac-sw-mp-9mm-40-shield-con-liberacion-indice","status":"publish","type":"product","link":"https:\/\/urbantacs.cl\/en\/product\/funda-cintura-cytac-sw-mp-9mm-40-shield-con-liberacion-indice\/","title":{"rendered":"Funda Cintura Cytac  S&#038;W MP 9mm\/.40 Shield Con Liberaci\u00f3n \u00cdndice"},"content":{"rendered":"","protected":false},"excerpt":{"rendered":"<ul class=\"ui-vpp-highlighted-specs__features-list\">\n<li class=\"ui-vpp-highlighted-specs__features-list-item ui-pdp-color--BLACK ui-pdp-size--XSMALL ui-pdp-family--REGULAR\">Compatibilidad total con S&amp;W MP 9mm\/.40 Shield M2.0 3.1&#8243; y MP 9mm\/.380 Shield EZ.<\/li>\n<li class=\"ui-vpp-highlighted-specs__features-list-item ui-pdp-color--BLACK ui-pdp-size--XSMALL ui-pdp-family--REGULAR\">Material de pol\u00edmero resistente y duradero.<\/li>\n<li class=\"ui-vpp-highlighted-specs__features-list-item ui-pdp-color--BLACK ui-pdp-size--XSMALL ui-pdp-family--REGULAR\">Sistema de liberaci\u00f3n con el dedo \u00edndice para acceso r\u00e1pido.<\/li>\n<li class=\"ui-vpp-highlighted-specs__features-list-item ui-pdp-color--BLACK ui-pdp-size--XSMALL ui-pdp-family--REGULAR\">Mecanismo de bloqueo autom\u00e1tico para seguridad adicional.<\/li>\n<li class=\"ui-vpp-highlighted-specs__features-list-item ui-pdp-color--BLACK ui-pdp-size--XSMALL ui-pdp-family--REGULAR\">Dise\u00f1o OWB que maximiza comodidad en portaci\u00f3n exterior.<\/li>\n<li class=\"ui-vpp-highlighted-specs__features-list-item ui-pdp-color--BLACK ui-pdp-size--XSMALL ui-pdp-family--REGULAR\">Acabado mate que resiste ara\u00f1azos y corrosi\u00f3n.<\/li>\n<\/ul>","protected":false},"featured_media":33441,"comment_status":"open","ping_status":"closed","template":"","meta":[],"product_brand":[],"product_cat":[45,43],"product_tag":[],"class_list":{"0":"post-33439","1":"product","2":"type-product","3":"status-publish","4":"has-post-thumbnail","6":"product_cat-pistolas","7":"product_cat-accesorios","9":"first","10":"instock","11":"sold-individually","12":"shipping-taxable","13":"purchasable","14":"product-type-simple"},"_links":{"self":[{"href":"https:\/\/urbantacs.cl\/en\/wp-json\/wp\/v2\/product\/33439","targetHints":{"allow":["GET"]}}],"collection":[{"href":"https:\/\/urbantacs.cl\/en\/wp-json\/wp\/v2\/product"}],"about":[{"href":"https:\/\/urbantacs.cl\/en\/wp-json\/wp\/v2\/types\/product"}],"replies":[{"embeddable":true,"href":"https:\/\/urbantacs.cl\/en\/wp-json\/wp\/v2\/comments?post=33439"}],"wp:featuredmedia":[{"embeddable":true,"href":"https:\/\/urbantacs.cl\/en\/wp-json\/wp\/v2\/media\/33441"}],"wp:attachment":[{"href":"https:\/\/urbantacs.cl\/en\/wp-json\/wp\/v2\/media?parent=33439"}],"wp:term":[{"taxonomy":"product_brand","embeddable":true,"href":"https:\/\/urbantacs.cl\/en\/wp-json\/wp\/v2\/product_brand?post=33439"},{"taxonomy":"product_cat","embeddable":true,"href":"https:\/\/urbantacs.cl\/en\/wp-json\/wp\/v2\/product_cat?post=33439"},{"taxonomy":"product_tag","embeddable":true,"href":"https:\/\/urbantacs.cl\/en\/wp-json\/wp\/v2\/product_tag?post=33439"}],"curies":[{"name":"wp","href":"https:\/\/api.w.org\/{rel}","templated":true}]}}