{"id":33454,"date":"2026-02-20T15:02:10","date_gmt":"2026-02-20T18:02:10","guid":{"rendered":"https:\/\/urbantacs.cl\/?post_type=product&#038;p=33454"},"modified":"2026-02-20T15:04:58","modified_gmt":"2026-02-20T18:04:58","slug":"funda-cintura-cytac-cz-p-07-p-09","status":"publish","type":"product","link":"https:\/\/urbantacs.cl\/en\/product\/funda-cintura-cytac-cz-p-07-p-09\/","title":{"rendered":"Funda Pistola  Cintura Cytac  CZ P-07, P-09"},"content":{"rendered":"","protected":false},"excerpt":{"rendered":"<ul class=\"a-unordered-list a-vertical a-spacing-mini\">\n<li><span class=\"a-list-item\">CY-P09G3| Compatible con CZ P-07, P-09.<\/span><\/li>\n<li><span class=\"a-list-item\">Opciones de fijaci\u00f3n: la funda se puede quitar f\u00e1cilmente de la pala est\u00e1ndar y se fija a la trabilla del cintur\u00f3n (CY-BC2), MOLLE (CY-MA), plataforma de pierna ca\u00edda (CY-DLP), arn\u00e9s de hombro \u00fanico (CY-SHS) o arn\u00e9s de hombro doble (CY-SHH).<\/span><\/li>\n<li><span class=\"a-list-item\">Material superior y durabilidad: hecho de material de pol\u00edmero duradero de alta tecnolog\u00eda de grado militar. Tolerancia a temperaturas extremas.<\/span><\/li>\n<li><span class=\"a-list-item\">Mecanismo de seguridad: la funda tiene un bot\u00f3n de liberaci\u00f3n r\u00e1pida y bloqueo que permite un r\u00e1pido desmontaje y bloqueo autom\u00e1tico cuando se vuelve a enfundar.<\/span><\/li>\n<li><span class=\"a-list-item\">Totalmente ajustable: gira 360 grados para cada aplicaci\u00f3n (es decir, peque\u00f1o en la parte trasera, con dibujo cruzado) para una m\u00e1xima versatilidad. Ajusta la funda f\u00e1cilmente con la llave Allen incluida.<\/span><\/li>\n<\/ul>","protected":false},"featured_media":33456,"comment_status":"open","ping_status":"closed","template":"","meta":[],"product_brand":[],"product_cat":[45,43],"product_tag":[],"class_list":{"0":"post-33454","1":"product","2":"type-product","3":"status-publish","4":"has-post-thumbnail","6":"product_cat-pistolas","7":"product_cat-accesorios","9":"first","10":"instock","11":"shipping-taxable","12":"purchasable","13":"product-type-simple"},"_links":{"self":[{"href":"https:\/\/urbantacs.cl\/en\/wp-json\/wp\/v2\/product\/33454","targetHints":{"allow":["GET"]}}],"collection":[{"href":"https:\/\/urbantacs.cl\/en\/wp-json\/wp\/v2\/product"}],"about":[{"href":"https:\/\/urbantacs.cl\/en\/wp-json\/wp\/v2\/types\/product"}],"replies":[{"embeddable":true,"href":"https:\/\/urbantacs.cl\/en\/wp-json\/wp\/v2\/comments?post=33454"}],"wp:featuredmedia":[{"embeddable":true,"href":"https:\/\/urbantacs.cl\/en\/wp-json\/wp\/v2\/media\/33456"}],"wp:attachment":[{"href":"https:\/\/urbantacs.cl\/en\/wp-json\/wp\/v2\/media?parent=33454"}],"wp:term":[{"taxonomy":"product_brand","embeddable":true,"href":"https:\/\/urbantacs.cl\/en\/wp-json\/wp\/v2\/product_brand?post=33454"},{"taxonomy":"product_cat","embeddable":true,"href":"https:\/\/urbantacs.cl\/en\/wp-json\/wp\/v2\/product_cat?post=33454"},{"taxonomy":"product_tag","embeddable":true,"href":"https:\/\/urbantacs.cl\/en\/wp-json\/wp\/v2\/product_tag?post=33454"}],"curies":[{"name":"wp","href":"https:\/\/api.w.org\/{rel}","templated":true}]}}