{"id":33463,"date":"2026-02-20T15:46:12","date_gmt":"2026-02-20T18:46:12","guid":{"rendered":"https:\/\/urbantacs.cl\/?post_type=product&#038;p=33463"},"modified":"2026-02-20T16:21:13","modified_gmt":"2026-02-20T19:21:13","slug":"funda-pistola-holster-cytac-sig-saver-p320-m18","status":"publish","type":"product","link":"https:\/\/urbantacs.cl\/en\/product\/funda-pistola-holster-cytac-sig-saver-p320-m18\/","title":{"rendered":"funda Pistola Holster Cytac Sig Sauer  P320, M18"},"content":{"rendered":"","protected":false},"excerpt":{"rendered":"<h2><strong>HOLSTER\u00a0compatible con sig sauer p320 m18 carry 3.9&#8243; barril, sig p320 x carry, sig p320 x compact.<\/strong><\/h2>\n<p><strong>NO es compatible con sig p320 de tama\u00f1o completo como sig p320 m17.<\/strong><\/p>\n<p>La parte inferior de la funda tiene un borde para evitar que el ca\u00f1\u00f3n m\u00e1s largo sobresalga.<\/p>\n<p>El material polim\u00e9rico militar mejorado mejora la suavidad y el grosor del producto para una mejor apariencia y mayor resistencia. Los botones ocultos mantienen la superficie plana lisa y su franja antideslizante te ayuda a reconocerla a trav\u00e9s de tu sentido del tacto.<\/p>\n<p>&nbsp;<\/p>\n<p>Sistema\u00a0multiposicion rotativo de 360\u00ba.\u00a0\u00a0Se puede adaptar a pierneras sobaqueras y otros accesorios\u00a0cytac.<\/p>","protected":false},"featured_media":33464,"comment_status":"open","ping_status":"closed","template":"","meta":[],"product_brand":[],"product_cat":[45,43],"product_tag":[],"class_list":{"0":"post-33463","1":"product","2":"type-product","3":"status-publish","4":"has-post-thumbnail","6":"product_cat-pistolas","7":"product_cat-accesorios","9":"first","10":"instock","11":"shipping-taxable","12":"purchasable","13":"product-type-simple"},"_links":{"self":[{"href":"https:\/\/urbantacs.cl\/en\/wp-json\/wp\/v2\/product\/33463","targetHints":{"allow":["GET"]}}],"collection":[{"href":"https:\/\/urbantacs.cl\/en\/wp-json\/wp\/v2\/product"}],"about":[{"href":"https:\/\/urbantacs.cl\/en\/wp-json\/wp\/v2\/types\/product"}],"replies":[{"embeddable":true,"href":"https:\/\/urbantacs.cl\/en\/wp-json\/wp\/v2\/comments?post=33463"}],"wp:featuredmedia":[{"embeddable":true,"href":"https:\/\/urbantacs.cl\/en\/wp-json\/wp\/v2\/media\/33464"}],"wp:attachment":[{"href":"https:\/\/urbantacs.cl\/en\/wp-json\/wp\/v2\/media?parent=33463"}],"wp:term":[{"taxonomy":"product_brand","embeddable":true,"href":"https:\/\/urbantacs.cl\/en\/wp-json\/wp\/v2\/product_brand?post=33463"},{"taxonomy":"product_cat","embeddable":true,"href":"https:\/\/urbantacs.cl\/en\/wp-json\/wp\/v2\/product_cat?post=33463"},{"taxonomy":"product_tag","embeddable":true,"href":"https:\/\/urbantacs.cl\/en\/wp-json\/wp\/v2\/product_tag?post=33463"}],"curies":[{"name":"wp","href":"https:\/\/api.w.org\/{rel}","templated":true}]}}