{"id":33484,"date":"2026-02-23T12:14:14","date_gmt":"2026-02-23T15:14:14","guid":{"rendered":"https:\/\/urbantacs.cl\/?post_type=product&#038;p=33484"},"modified":"2026-03-16T16:15:01","modified_gmt":"2026-03-16T19:15:01","slug":"canik-tti-combat-taran-tactical-cal-9mm","status":"publish","type":"product","link":"https:\/\/urbantacs.cl\/en\/product\/canik-tti-combat-taran-tactical-cal-9mm\/","title":{"rendered":"CANIK \u2013 TTI COMBAT TARAN TACTICAL CAL 9MM"},"content":{"rendered":"<h2><strong>2 cargadores\u00a0 de 18\u00a0 \u00a0rondas<\/strong><\/h2>","protected":false},"excerpt":{"rendered":"<p>Taran Tactical Innovations y CANiK se enorgullecen de colaborar para presentar la CANiK TTI Combat. Fabricada con un armaz\u00f3n de pol\u00edmero completamente nuevo, dise\u00f1ado por Taran Butler, la TTI Combat aporta un rendimiento inigualable a la l\u00ednea CANiK.<\/p>\n<p>Este elegante dise\u00f1o, creado por los mejores para los mejores, incluye todas las caracter\u00edsticas que un campe\u00f3n mundial como Taran Butler necesita para triunfar. Tanto interna como externamente, la TTI Combat ofrece una textura de empu\u00f1adura \u00fanica y agresiva, un ca\u00f1\u00f3n portado y estriado, el primer compensador CANiK, un gatillo de quiebre de 90 grados con cara plana y corte de diamante, cantoneras para la base del cargador TTI +3, un ret\u00e9n de corredera de nuevo dise\u00f1o, un corte de \u00f3ptica que incluso permite un alojamiento discreto de la l\u00ednea de \u00f3pticas MECANIK, as\u00ed como de la Trijicon SRO y muchas otras, una funda personalizada y un estuche r\u00edgido de viaje.<\/p>\n<p>Para completar este paquete coleccionable, hemos incluido una elegante moneda de colaboraci\u00f3n para conmemorar nuestra duradera colaboraci\u00f3n. \u00a1Esta colaboraci\u00f3n ha dado como resultado un arma de fuego verdaderamente superior!<\/p>\n<p>&nbsp;<\/p>","protected":false},"featured_media":33487,"comment_status":"open","ping_status":"closed","template":"","meta":[],"product_brand":[],"product_cat":[47,100,45],"product_tag":[],"class_list":{"0":"post-33484","1":"product","2":"type-product","3":"status-publish","4":"has-post-thumbnail","6":"product_cat-armas-cortas","7":"product_cat-canik","8":"product_cat-pistolas","10":"first","11":"onbackorder","12":"shipping-taxable","13":"purchasable","14":"product-type-simple"},"_links":{"self":[{"href":"https:\/\/urbantacs.cl\/en\/wp-json\/wp\/v2\/product\/33484","targetHints":{"allow":["GET"]}}],"collection":[{"href":"https:\/\/urbantacs.cl\/en\/wp-json\/wp\/v2\/product"}],"about":[{"href":"https:\/\/urbantacs.cl\/en\/wp-json\/wp\/v2\/types\/product"}],"replies":[{"embeddable":true,"href":"https:\/\/urbantacs.cl\/en\/wp-json\/wp\/v2\/comments?post=33484"}],"wp:featuredmedia":[{"embeddable":true,"href":"https:\/\/urbantacs.cl\/en\/wp-json\/wp\/v2\/media\/33487"}],"wp:attachment":[{"href":"https:\/\/urbantacs.cl\/en\/wp-json\/wp\/v2\/media?parent=33484"}],"wp:term":[{"taxonomy":"product_brand","embeddable":true,"href":"https:\/\/urbantacs.cl\/en\/wp-json\/wp\/v2\/product_brand?post=33484"},{"taxonomy":"product_cat","embeddable":true,"href":"https:\/\/urbantacs.cl\/en\/wp-json\/wp\/v2\/product_cat?post=33484"},{"taxonomy":"product_tag","embeddable":true,"href":"https:\/\/urbantacs.cl\/en\/wp-json\/wp\/v2\/product_tag?post=33484"}],"curies":[{"name":"wp","href":"https:\/\/api.w.org\/{rel}","templated":true}]}}