{"id":33497,"date":"2026-02-23T12:58:10","date_gmt":"2026-02-23T15:58:10","guid":{"rendered":"https:\/\/urbantacs.cl\/?post_type=product&#038;p=33497"},"modified":"2026-02-23T12:58:10","modified_gmt":"2026-02-23T15:58:10","slug":"pistola-canik-tti-combat-smoke-calibre-9-mm","status":"publish","type":"product","link":"https:\/\/urbantacs.cl\/en\/product\/pistola-canik-tti-combat-smoke-calibre-9-mm\/","title":{"rendered":"Pistola CANiK TTI Combat Smoke  calibre 9 mm"},"content":{"rendered":"<p><strong>DOS CARGADORES DE 18 RONDAS<\/strong><\/p>","protected":false},"excerpt":{"rendered":"<p>La\u00a0<strong>CANiK TTI Combat Smoke<\/strong>\u00a0es una\u00a0edici\u00f3n especial de la pistola 9 mm desarrollada en colaboraci\u00f3n con\u00a0<strong>Taran Tactical Innovations (TTI)<\/strong>. A diferencia del modelo original en color bronce, esta versi\u00f3n presenta un acabado\u00a0<strong>Cerakote gris humo (Smoke)<\/strong>\u00a0en la corredera y el armaz\u00f3n, manteniendo el ca\u00f1\u00f3n con revestimiento de PVD bronce y detalles en cobre.<\/p>\n<p><strong>Especificaciones Principales<\/strong><\/p>\n<p>Seg\u00fan los datos t\u00e9cnicos de\u00a0<a href=\"https:\/\/www.canik.com\/products\/tti-combat-smoke\">CANiK <\/a>\u00a0y revisiones de expertos en\u00a0<em>Guns &amp; Ammo<\/em>:<\/p>\n<ul>\n<li><strong>Calibre:<\/strong>\u00a09 mm Luger.<\/li>\n<li><strong>Capacidad:<\/strong>\u00a0Incluye dos cargadores de\u00a0<strong>18 rondas<\/strong>, uno de ellos con una extensi\u00f3n TTI de +3 (total 21 rondas).<\/li>\n<li><strong>Ca\u00f1\u00f3n:<\/strong>\u00a04.6 pulgadas, con estriado en espiral y acabado en bronce PVD.<\/li>\n<li><strong>Gatillo:<\/strong>\u00a0Cara plana de aluminio con una ruptura de 90 grados y un peso de tiro de aproximadamente\u00a0<strong>3.5 libras<\/strong>.<\/li>\n<li><strong>Peso:<\/strong>\u00a0Aproximadamente\u00a0<strong>29.5 oz<\/strong>\u00a0(vac\u00eda).<\/li>\n<li><strong>Dimensiones:<\/strong>\u00a0Longitud total de 7.85&#8243;, altura de 5.87&#8243; y ancho de 1.41&#8243;.<\/li>\n<\/ul>\n<p><strong>Caracter\u00edsticas de Rendimiento<\/strong><\/p>\n<p>Dise\u00f1ada para la competici\u00f3n y el tiro din\u00e1mico, la TTI Combat Smoke integra tecnolog\u00edas avanzadas de manejo:<\/p>\n<ul>\n<li><strong>Compensador de montaje r\u00e1pido:<\/strong>\u00a0Un sistema patentado de detenci\u00f3n que no requiere roscas, lo que la hace legal en los 50 estados de EE. UU. y facilita su limpieza.<\/li>\n<li><strong>Ergonom\u00eda TTI:<\/strong>\u00a0El armaz\u00f3n de pol\u00edmero cuenta con texturizado agresivo dise\u00f1ado por Taran Butler para un agarre firme, incluso en condiciones h\u00famedas.<\/li>\n<li><strong>\u00d3ptica lista (Optics-Ready):<\/strong>\u00a0La corredera tiene un corte bajo para montar directamente puntos rojos como la l\u00ednea MECANIK, Trijicon SRO y Holosun.<\/li>\n<li><strong>Miras:<\/strong>\u00a0Mira delantera de fibra \u00f3ptica HIVIZ y mira trasera negra ajustable.<\/li>\n<\/ul>\n<p><strong>Contenido del Paquete y Accesorios<\/strong><\/p>\n<p>El arma se entrega en un malet\u00edn r\u00edgido con sello O-ring que incluye:<\/p>\n<ul>\n<li><strong>Funda (Holster):<\/strong>\u00a0Una funda de Kydex para portaci\u00f3n exterior (OWB) con perilla de tensi\u00f3n ajustable.<\/li>\n<li><strong>Componentes extra:<\/strong>\u00a0Tres lomos de empu\u00f1adura intercambiables, placas adaptadoras para \u00f3pticas y un resorte de recuperaci\u00f3n de baja potencia para munici\u00f3n m\u00e1s suave.<\/li>\n<li><strong>Coleccionables:<\/strong>\u00a0Una moneda conmemorativa de la colaboraci\u00f3n TTI\/CANiK.<\/li>\n<\/ul>","protected":false},"featured_media":33498,"comment_status":"open","ping_status":"closed","template":"","meta":[],"product_brand":[],"product_cat":[47,100,45],"product_tag":[],"class_list":{"0":"post-33497","1":"product","2":"type-product","3":"status-publish","4":"has-post-thumbnail","6":"product_cat-armas-cortas","7":"product_cat-canik","8":"product_cat-pistolas","10":"first","11":"onbackorder","12":"shipping-taxable","13":"product-type-simple"},"_links":{"self":[{"href":"https:\/\/urbantacs.cl\/en\/wp-json\/wp\/v2\/product\/33497","targetHints":{"allow":["GET"]}}],"collection":[{"href":"https:\/\/urbantacs.cl\/en\/wp-json\/wp\/v2\/product"}],"about":[{"href":"https:\/\/urbantacs.cl\/en\/wp-json\/wp\/v2\/types\/product"}],"replies":[{"embeddable":true,"href":"https:\/\/urbantacs.cl\/en\/wp-json\/wp\/v2\/comments?post=33497"}],"wp:featuredmedia":[{"embeddable":true,"href":"https:\/\/urbantacs.cl\/en\/wp-json\/wp\/v2\/media\/33498"}],"wp:attachment":[{"href":"https:\/\/urbantacs.cl\/en\/wp-json\/wp\/v2\/media?parent=33497"}],"wp:term":[{"taxonomy":"product_brand","embeddable":true,"href":"https:\/\/urbantacs.cl\/en\/wp-json\/wp\/v2\/product_brand?post=33497"},{"taxonomy":"product_cat","embeddable":true,"href":"https:\/\/urbantacs.cl\/en\/wp-json\/wp\/v2\/product_cat?post=33497"},{"taxonomy":"product_tag","embeddable":true,"href":"https:\/\/urbantacs.cl\/en\/wp-json\/wp\/v2\/product_tag?post=33497"}],"curies":[{"name":"wp","href":"https:\/\/api.w.org\/{rel}","templated":true}]}}