{"id":33503,"date":"2026-02-23T15:57:37","date_gmt":"2026-02-23T18:57:37","guid":{"rendered":"https:\/\/urbantacs.cl\/?post_type=product&#038;p=33503"},"modified":"2026-04-02T12:18:28","modified_gmt":"2026-04-02T15:18:28","slug":"linterna-tactica-arma-corta","status":"publish","type":"product","link":"https:\/\/urbantacs.cl\/en\/product\/linterna-tactica-arma-corta\/","title":{"rendered":"LINTERNA TACTICA ARMA CORTA RIEL PICATINNY"},"content":{"rendered":"","protected":false},"excerpt":{"rendered":"<ul class=\"ui-vpp-highlighted-specs__features-list\">\n<li class=\"ui-vpp-highlighted-specs__features-list-item ui-pdp-color--BLACK ui-pdp-size--XSMALL ui-pdp-family--REGULAR\">Color de la linterna: Negro<\/li>\n<li class=\"ui-vpp-highlighted-specs__features-list-item ui-pdp-color--BLACK ui-pdp-size--XSMALL ui-pdp-family--REGULAR\">Color de la luz: Blanco<\/li>\n<li class=\"ui-vpp-highlighted-specs__features-list-item ui-pdp-color--BLACK ui-pdp-size--XSMALL ui-pdp-family--REGULAR\">Tipo de alimentaci\u00f3n: usbc.<\/li>\n<li class=\"ui-vpp-highlighted-specs__features-list-item ui-pdp-color--BLACK ui-pdp-size--XSMALL ui-pdp-family--REGULAR\">Tipo de luz: blanca<\/li>\n<li class=\"ui-vpp-highlighted-specs__features-list-item ui-pdp-color--BLACK ui-pdp-size--XSMALL ui-pdp-family--REGULAR\">Cantidad de modos de cambio de luz: 2.<\/li>\n<li class=\"ui-vpp-highlighted-specs__features-list-item ui-pdp-color--BLACK ui-pdp-size--XSMALL ui-pdp-family--REGULAR\">Es recargable.<\/li>\n<li>\n<h2 class=\"ui-pdp-description__title\" data-testid=\"title\">Descripci\u00f3n<\/h2>\n<p class=\"ui-pdp-description__content\" data-testid=\"content\">Luz estable: la luz de la pistola recargable EZ shoot tiene una luz de 500 l\u00famenes con 100 metros de distancia del haz, que es adecuada para la defensa del hogar, la defensa de la granja, la caza, la iluminaci\u00f3n exterior, el uso diurno y nocturno, etc. Ligero y compacto &#8211; EZ shoot Picatinny Light tiene un dise\u00f1o compacto y pesa solo 50g. No sentir\u00e1 ning\u00fan peso ni fatiga al usarlo durante mucho tiempo. USB recargable: esta luz de pistola puede funcionar aproximadamente 1 hora y adopta carga USB. El puerto de carga est\u00e1 ubicado en la parte inferior de la linterna para una carga conveniente sin retirarlo del riel. NOTA: NO admite cable y adaptador de carga r\u00e1pida, utiliza el adaptador de corriente de 5V. S\u00faper compatibilidad: Esta linterna de pistola es compatible con el riel Glock con ranura y riel Picatinny. Equipado con m\u00faltiples llaves de ubicaci\u00f3n de rieles, lo que le permite adaptarse a m\u00e1s tipos diferentes de pistolas (no se ajusta a dispositivos sin ranuras y rieles) Operaci\u00f3n conveniente: controlado por dos interruptores ambidiestros, f\u00e1cil de encender y apagar. Mantenga presionado el bot\u00f3n durante 2 segundos para cambiar entre el modo estrobosc\u00f3pico y el modo constante. Indicador de estado bater\u00eda.<\/p>\n<\/li>\n<\/ul>","protected":false},"featured_media":33507,"comment_status":"open","ping_status":"closed","template":"","meta":[],"product_brand":[],"product_cat":[43],"product_tag":[],"class_list":{"0":"post-33503","1":"product","2":"type-product","3":"status-publish","4":"has-post-thumbnail","6":"product_cat-accesorios","8":"first","9":"instock","10":"shipping-taxable","11":"purchasable","12":"product-type-simple"},"_links":{"self":[{"href":"https:\/\/urbantacs.cl\/en\/wp-json\/wp\/v2\/product\/33503","targetHints":{"allow":["GET"]}}],"collection":[{"href":"https:\/\/urbantacs.cl\/en\/wp-json\/wp\/v2\/product"}],"about":[{"href":"https:\/\/urbantacs.cl\/en\/wp-json\/wp\/v2\/types\/product"}],"replies":[{"embeddable":true,"href":"https:\/\/urbantacs.cl\/en\/wp-json\/wp\/v2\/comments?post=33503"}],"wp:featuredmedia":[{"embeddable":true,"href":"https:\/\/urbantacs.cl\/en\/wp-json\/wp\/v2\/media\/33507"}],"wp:attachment":[{"href":"https:\/\/urbantacs.cl\/en\/wp-json\/wp\/v2\/media?parent=33503"}],"wp:term":[{"taxonomy":"product_brand","embeddable":true,"href":"https:\/\/urbantacs.cl\/en\/wp-json\/wp\/v2\/product_brand?post=33503"},{"taxonomy":"product_cat","embeddable":true,"href":"https:\/\/urbantacs.cl\/en\/wp-json\/wp\/v2\/product_cat?post=33503"},{"taxonomy":"product_tag","embeddable":true,"href":"https:\/\/urbantacs.cl\/en\/wp-json\/wp\/v2\/product_tag?post=33503"}],"curies":[{"name":"wp","href":"https:\/\/api.w.org\/{rel}","templated":true}]}}