{"id":33510,"date":"2026-02-24T15:12:21","date_gmt":"2026-02-24T18:12:21","guid":{"rendered":"https:\/\/urbantacs.cl\/?post_type=product&#038;p=33510"},"modified":"2026-03-24T11:48:30","modified_gmt":"2026-03-24T14:48:30","slug":"pistola-glock-19x-full-metal-bbs-45-co2-hiking-outdoor-coyote-1143-mm","status":"publish","type":"product","link":"https:\/\/urbantacs.cl\/en\/product\/pistola-glock-19x-full-metal-bbs-45-co2-hiking-outdoor-coyote-1143-mm\/","title":{"rendered":"Pistola Glock 19x \/ Full Metal \/bbs 4,5 Co2\/ Hiking Outdoor Coyote 1143 Mm"},"content":{"rendered":"<p><a class=\"wp-first-item current\" href=\"https:\/\/urbantacs.cl\/wp-admin\/edit.php?post_type=product\" aria-current=\"page\">Todos los productos<\/a><\/p>","protected":false},"excerpt":{"rendered":"<p>GLOCK describe a la G19X como su primera \u00abpistola crossover\u00bb. Combina el marco de tama\u00f1o completo de la G17 con la corredera compacta de la G19. El color especial, Coyote, distingue a esta pistola de otros modelos. Esta versi\u00f3n con licencia de pistola de aire con tecnolog\u00eda de CO2 de Umarex es una r\u00e9plica aut\u00e9ntica con las dimensiones y marcas exactas del original. Dispara municiones de acero BB de 4.5 mm con un m\u00e1ximo de 2 julios. El cargador todo en uno aloja el co2 m\u00e1s 19 municiones de acero. La Glock, a veces llamada \u00abGlock Safe Action\u00bb es una serie de pistola semi-autom\u00e1tica producidas y dise\u00f1adas por Glock Ges.m.b.H en Austria. La continua b\u00fasqueda de la perfecci\u00f3n en cada faceta del dise\u00f1o, ingenieria y producci\u00f3n, establecieron a GLOCK como un est\u00e1ndar por el cual todos los dem\u00e1s se comparan. Hoy en d\u00eda, Glock es l\u00edder en la fabricaci\u00f3n de pistolas, dise\u00f1ado con precisi\u00f3n para cumplir con las exigentes especificaciones de las agencias militares y policiales de todo el mundo. La pistola de CO2 Glock 19, a parte de ser una pistola muy veloz, es una r\u00e9plica perfecta de la pistola real de fuego. Caracter\u00edsticas \u00b7 19 disparos \u00b7 Velocidad: 135 m\/s \u00b7 Longitud: 190mm<\/p>","protected":false},"featured_media":33514,"comment_status":"open","ping_status":"closed","template":"","meta":[],"product_brand":[],"product_cat":[101],"product_tag":[102],"class_list":{"0":"post-33510","1":"product","2":"type-product","3":"status-publish","4":"has-post-thumbnail","6":"product_cat-armas-co2","7":"product_tag-armas-co2","9":"first","10":"instock","11":"featured","12":"shipping-taxable","13":"purchasable","14":"product-type-simple"},"_links":{"self":[{"href":"https:\/\/urbantacs.cl\/en\/wp-json\/wp\/v2\/product\/33510","targetHints":{"allow":["GET"]}}],"collection":[{"href":"https:\/\/urbantacs.cl\/en\/wp-json\/wp\/v2\/product"}],"about":[{"href":"https:\/\/urbantacs.cl\/en\/wp-json\/wp\/v2\/types\/product"}],"replies":[{"embeddable":true,"href":"https:\/\/urbantacs.cl\/en\/wp-json\/wp\/v2\/comments?post=33510"}],"wp:featuredmedia":[{"embeddable":true,"href":"https:\/\/urbantacs.cl\/en\/wp-json\/wp\/v2\/media\/33514"}],"wp:attachment":[{"href":"https:\/\/urbantacs.cl\/en\/wp-json\/wp\/v2\/media?parent=33510"}],"wp:term":[{"taxonomy":"product_brand","embeddable":true,"href":"https:\/\/urbantacs.cl\/en\/wp-json\/wp\/v2\/product_brand?post=33510"},{"taxonomy":"product_cat","embeddable":true,"href":"https:\/\/urbantacs.cl\/en\/wp-json\/wp\/v2\/product_cat?post=33510"},{"taxonomy":"product_tag","embeddable":true,"href":"https:\/\/urbantacs.cl\/en\/wp-json\/wp\/v2\/product_tag?post=33510"}],"curies":[{"name":"wp","href":"https:\/\/api.w.org\/{rel}","templated":true}]}}