{"id":33550,"date":"2026-03-06T10:06:35","date_gmt":"2026-03-06T13:06:35","guid":{"rendered":"https:\/\/urbantacs.cl\/?post_type=product&#038;p=33550"},"modified":"2026-03-18T12:19:52","modified_gmt":"2026-03-18T15:19:52","slug":"escopeta-khan-mace-calibre-12","status":"publish","type":"product","link":"https:\/\/urbantacs.cl\/en\/product\/escopeta-khan-mace-calibre-12\/","title":{"rendered":"ESCOPETA     KHAN   MACE CALIBRE 12"},"content":{"rendered":"","protected":false},"excerpt":{"rendered":"<p><strong><span class=\"\">Rec\u00e1ma<\/span><\/strong><strong><span class=\"\">ra 76 mm Magnum<br \/>\nCa\u00f1\u00f3n<\/span><\/strong><strong><span class=\"\">\u00a0de 35,5cm<br \/>\nLargo total 68cm<br \/>\nPistol Grip<br \/>\nCulata telesc\u00f3pica<br \/>\nSistema a repetici\u00f3n<br \/>\n<\/span><\/strong><strong><span class=\"\">B\u00e1scula de aluminio<br \/>\nArmazon de aluminio<br \/>\nCapacidad de 4 +1<\/span><\/strong><\/p>\n<p><strong>IMPORTANTE:<\/strong>\u00a0Este es un producto sometido a control por la Direcci\u00f3n General de Movilizaci\u00f3n Nacional (DGMN), antes de comprar aseg\u00farese de cumplir con todos los requisitos y requerimientos establecidos en la ley N\u00b017.798 de control de armas.<\/p>","protected":false},"featured_media":33551,"comment_status":"open","ping_status":"closed","template":"","meta":[],"product_brand":[],"product_cat":[60,94,35],"product_tag":[],"class_list":{"0":"post-33550","1":"product","2":"type-product","3":"status-publish","4":"has-post-thumbnail","6":"product_cat-cal-12","7":"product_cat-escopetas","8":"product_cat-armamento","10":"first","11":"instock","12":"shipping-taxable","13":"purchasable","14":"product-type-simple"},"_links":{"self":[{"href":"https:\/\/urbantacs.cl\/en\/wp-json\/wp\/v2\/product\/33550","targetHints":{"allow":["GET"]}}],"collection":[{"href":"https:\/\/urbantacs.cl\/en\/wp-json\/wp\/v2\/product"}],"about":[{"href":"https:\/\/urbantacs.cl\/en\/wp-json\/wp\/v2\/types\/product"}],"replies":[{"embeddable":true,"href":"https:\/\/urbantacs.cl\/en\/wp-json\/wp\/v2\/comments?post=33550"}],"wp:featuredmedia":[{"embeddable":true,"href":"https:\/\/urbantacs.cl\/en\/wp-json\/wp\/v2\/media\/33551"}],"wp:attachment":[{"href":"https:\/\/urbantacs.cl\/en\/wp-json\/wp\/v2\/media?parent=33550"}],"wp:term":[{"taxonomy":"product_brand","embeddable":true,"href":"https:\/\/urbantacs.cl\/en\/wp-json\/wp\/v2\/product_brand?post=33550"},{"taxonomy":"product_cat","embeddable":true,"href":"https:\/\/urbantacs.cl\/en\/wp-json\/wp\/v2\/product_cat?post=33550"},{"taxonomy":"product_tag","embeddable":true,"href":"https:\/\/urbantacs.cl\/en\/wp-json\/wp\/v2\/product_tag?post=33550"}],"curies":[{"name":"wp","href":"https:\/\/api.w.org\/{rel}","templated":true}]}}