{"id":33552,"date":"2026-03-06T10:26:41","date_gmt":"2026-03-06T13:26:41","guid":{"rendered":"https:\/\/urbantacs.cl\/?post_type=product&#038;p=33552"},"modified":"2026-03-18T12:20:14","modified_gmt":"2026-03-18T15:20:14","slug":"pistola-dfa-arex-delta-m-calibre-9-mm","status":"publish","type":"product","link":"https:\/\/urbantacs.cl\/en\/product\/pistola-dfa-arex-delta-m-calibre-9-mm\/","title":{"rendered":"PISTOLA DFA AREX DELTA M, CALIBRE 9 MM"},"content":{"rendered":"","protected":false},"excerpt":{"rendered":"<p>La\u00a0<strong>DFA Arex Delta M<\/strong>\u00a0es la\u00a0variante compacta de la serie de pistolas de pol\u00edmero con sistema de aguja lanzada\u00a0(striker-fired), <strong>fabricada originalmente en Eslovenia por Arex Defense<\/strong> y producida en Brasil bajo la marca\u00a0<strong>DFA Defense<\/strong>. El modelo de segunda generaci\u00f3n (<strong>Gen 2<\/strong>) destaca por ser \u00abOptics Ready\u00bb (preparada para mira de punto rojo) y por sus controles totalmente ambidiestros.<\/p>\n<p><strong>Especificaciones T\u00e9cnicas (Arex Delta M Gen 2)<\/strong><\/p>\n<p>Seg\u00fan datos de fabricantes y distribuidores como\u00a0<strong>DFA Defense<\/strong>\u00a0y\u00a0<strong>DK Firearms<\/strong>, las caracter\u00edsticas principales son:<\/p>\n<ul>\n<li><strong>Calibre:<\/strong>\u00a09&#215;19 mm Parabellum.<\/li>\n<li><strong>Capacidad:<\/strong>\u00a0Incluye usualmente un cargador de\u00a0<strong>15 tiros<\/strong>\u00a0(ajuste al ras) y uno de\u00a0<strong>17 tiros<\/strong>\u00a0(extendido).<\/li>\n<li><strong>Dimensiones:<\/strong>\u00a0Longitud de 183-184 mm (7.1&#8243;), altura de 121-122 mm y un ancho delgado de solo 30 mm (1.18&#8243;).<\/li>\n<li><strong>Ca\u00f1\u00f3n:<\/strong>\u00a0102 mm (4.0&#8243;) forjado en fr\u00edo para mayor durabilidad y precisi\u00f3n.<\/li>\n<li><strong>Peso:<\/strong>\u00a0Aproximadamente\u00a0<strong>541-545 g<\/strong>\u00a0sin cargador y\u00a0<strong>614-628 g<\/strong>\u00a0con cargador.<\/li>\n<\/ul>\n<p><strong>IMPORTANTE:<\/strong>\u00a0Este es un producto sometido a control por la Direcci\u00f3n General de Movilizaci\u00f3n Nacional (DGMN), antes de comprar aseg\u00farese de cumplir con todos los requisitos y requerimientos establecidos en la ley N\u00b017.798 de control de armas.<\/p>","protected":false},"featured_media":33553,"comment_status":"open","ping_status":"closed","template":"","meta":[],"product_brand":[],"product_cat":[47,103,45],"product_tag":[],"class_list":{"0":"post-33552","1":"product","2":"type-product","3":"status-publish","4":"has-post-thumbnail","6":"product_cat-armas-cortas","7":"product_cat-dfa-arex-delta-m","8":"product_cat-pistolas","10":"first","11":"instock","12":"shipping-taxable","13":"purchasable","14":"product-type-simple"},"_links":{"self":[{"href":"https:\/\/urbantacs.cl\/en\/wp-json\/wp\/v2\/product\/33552","targetHints":{"allow":["GET"]}}],"collection":[{"href":"https:\/\/urbantacs.cl\/en\/wp-json\/wp\/v2\/product"}],"about":[{"href":"https:\/\/urbantacs.cl\/en\/wp-json\/wp\/v2\/types\/product"}],"replies":[{"embeddable":true,"href":"https:\/\/urbantacs.cl\/en\/wp-json\/wp\/v2\/comments?post=33552"}],"wp:featuredmedia":[{"embeddable":true,"href":"https:\/\/urbantacs.cl\/en\/wp-json\/wp\/v2\/media\/33553"}],"wp:attachment":[{"href":"https:\/\/urbantacs.cl\/en\/wp-json\/wp\/v2\/media?parent=33552"}],"wp:term":[{"taxonomy":"product_brand","embeddable":true,"href":"https:\/\/urbantacs.cl\/en\/wp-json\/wp\/v2\/product_brand?post=33552"},{"taxonomy":"product_cat","embeddable":true,"href":"https:\/\/urbantacs.cl\/en\/wp-json\/wp\/v2\/product_cat?post=33552"},{"taxonomy":"product_tag","embeddable":true,"href":"https:\/\/urbantacs.cl\/en\/wp-json\/wp\/v2\/product_tag?post=33552"}],"curies":[{"name":"wp","href":"https:\/\/api.w.org\/{rel}","templated":true}]}}