{"id":33568,"date":"2026-03-10T12:50:48","date_gmt":"2026-03-10T15:50:48","guid":{"rendered":"https:\/\/urbantacs.cl\/?post_type=product&#038;p=33568"},"modified":"2026-03-10T12:51:46","modified_gmt":"2026-03-10T15:51:46","slug":"limpiador-ballistol-robla-solo-mil-65-ml","status":"publish","type":"product","link":"https:\/\/urbantacs.cl\/en\/product\/limpiador-ballistol-robla-solo-mil-65-ml\/","title":{"rendered":"LIMPIADOR BALLISTOL ROBLA SOLO MIL 65 ML"},"content":{"rendered":"<p><strong>Limpieza y mantenci\u00f3n de armas de Fuego<\/strong><\/p>\n<p><strong>Fabricaci\u00f3n Alemana<\/strong><\/p>\n<p>&nbsp;<\/p>","protected":false},"excerpt":{"rendered":"<p>Limpiador para ca\u00f1ones Ballistol de 65 ml, Robla Solo<\/p>\n<p>Limpiador para ca\u00f1ones ROBLA SOLO en nuevo formato cuentagotas. Ofrece una limpieza r\u00e1pida y profunda de los ca\u00f1ones de nuestras armas de fuego. Disuelve los restos de cobre, plomo, y zinc. Capacidad: 65 ml.<\/p>\n<p>Su aplicaci\u00f3n ofrece una limpieza r\u00e1pida y profunda, adem\u00e1s de no afectar al acero, al n\u00edquel, ni al cromo.<\/p>\n<p>Disuelve residuos de cobre, zinc y plomo. No afecta al n\u00edquel ni al cromo. Testeado y aprobado su uso en el campo militar.<\/p>\n<p>Utilizado por el ejercito alem\u00e1n, incluso en las fuerzas especiales. Incluye amoniaco en su composici\u00f3n para disolver de la forma mas eficaz el cobre, el zinc y el plomo, sin atacar el acero, el cromo o el n\u00edquel. Si el ca\u00f1\u00f3n contiene pocos residuos, basta pasar varias veces un fieltro con el Robla Solo. Y, si \u00e9stos son abundantes, deje el producto durante unas horas antes de proceder a su limpieza.<\/p>","protected":false},"featured_media":33569,"comment_status":"open","ping_status":"closed","template":"","meta":[],"product_brand":[],"product_cat":[43],"product_tag":[],"class_list":{"0":"post-33568","1":"product","2":"type-product","3":"status-publish","4":"has-post-thumbnail","6":"product_cat-accesorios","8":"first","9":"instock","10":"shipping-taxable","11":"purchasable","12":"product-type-simple"},"_links":{"self":[{"href":"https:\/\/urbantacs.cl\/en\/wp-json\/wp\/v2\/product\/33568","targetHints":{"allow":["GET"]}}],"collection":[{"href":"https:\/\/urbantacs.cl\/en\/wp-json\/wp\/v2\/product"}],"about":[{"href":"https:\/\/urbantacs.cl\/en\/wp-json\/wp\/v2\/types\/product"}],"replies":[{"embeddable":true,"href":"https:\/\/urbantacs.cl\/en\/wp-json\/wp\/v2\/comments?post=33568"}],"wp:featuredmedia":[{"embeddable":true,"href":"https:\/\/urbantacs.cl\/en\/wp-json\/wp\/v2\/media\/33569"}],"wp:attachment":[{"href":"https:\/\/urbantacs.cl\/en\/wp-json\/wp\/v2\/media?parent=33568"}],"wp:term":[{"taxonomy":"product_brand","embeddable":true,"href":"https:\/\/urbantacs.cl\/en\/wp-json\/wp\/v2\/product_brand?post=33568"},{"taxonomy":"product_cat","embeddable":true,"href":"https:\/\/urbantacs.cl\/en\/wp-json\/wp\/v2\/product_cat?post=33568"},{"taxonomy":"product_tag","embeddable":true,"href":"https:\/\/urbantacs.cl\/en\/wp-json\/wp\/v2\/product_tag?post=33568"}],"curies":[{"name":"wp","href":"https:\/\/api.w.org\/{rel}","templated":true}]}}