{"id":33593,"date":"2026-03-18T11:55:55","date_gmt":"2026-03-18T14:55:55","guid":{"rendered":"https:\/\/urbantacs.cl\/?post_type=product&#038;p=33593"},"modified":"2026-03-18T11:55:55","modified_gmt":"2026-03-18T14:55:55","slug":"pistola-smith-wesson-modelo-mp45-m2-0-thumb-safety-calibre-45acp-capacidad-101rd","status":"publish","type":"product","link":"https:\/\/urbantacs.cl\/en\/product\/pistola-smith-wesson-modelo-mp45-m2-0-thumb-safety-calibre-45acp-capacidad-101rd\/","title":{"rendered":"Pistola Smith &#038; Wesson, modelo M&#038;P45 M2.0\u2122 THUMB SAFETY, calibre .45ACP, capacidad 10+1Rd."},"content":{"rendered":"","protected":false},"excerpt":{"rendered":"<div class=\"col-sm-6\">\n<div class=\"specs\">\n<div>SKU: 11526<\/div>\n<div>Model: M&amp;P\u00ae45 M2.0\u2122 Thumb Safety<\/div>\n<div>Caliber: .45 AUTO<\/div>\n<div>Capacity: 10+1<\/div>\n<div>Barrel Length: 4.6\u2033 \/ 11.7 cm<\/div>\n<div>Overall Length: 7.9\u2033<\/div>\n<div>Front Sight: Steel \u2013 White Dot<\/div>\n<div>Rear Sight: Steel \u2013 White Two Dot<\/div>\n<div>Action: Striker Fire<\/div>\n<\/div>\n<\/div>\n<div class=\"col-sm-6\">\n<div class=\"specs\">\n<div>Grip: Polymer<\/div>\n<div>Weight: 27.0 oz \/ 765.4g<\/div>\n<div>Barrel Material: Stainless Steel \u2013 Armornite\u00ae Finish<\/div>\n<div>Slide Material: Stainless Steel \u2013 Armornite\u00ae Finish<\/div>\n<div>Frame Material: Polymer<\/div>\n<div>Purpose: Home Protection, Personal Protection<\/div>\n<\/div>\n<div>\n<p><strong>IMPORTANTE:<\/strong>\u00a0Este es un producto sometido a control por la Direcci\u00f3n General de Movilizaci\u00f3n Nacional (DGMN), antes de comprar aseg\u00farese de cumplir con todos los requisitos y requerimientos establecidos en la ley N\u00b017.798 de control de armas.<\/p>\n<\/div>\n<\/div>","protected":false},"featured_media":33594,"comment_status":"open","ping_status":"closed","template":"","meta":[],"product_brand":[],"product_cat":[47,45,51],"product_tag":[],"class_list":{"0":"post-33593","1":"product","2":"type-product","3":"status-publish","4":"has-post-thumbnail","6":"product_cat-armas-cortas","7":"product_cat-pistolas","8":"product_cat-smith-wesson-armas-cortas","10":"first","11":"onbackorder","12":"shipping-taxable","13":"purchasable","14":"product-type-simple"},"_links":{"self":[{"href":"https:\/\/urbantacs.cl\/en\/wp-json\/wp\/v2\/product\/33593","targetHints":{"allow":["GET"]}}],"collection":[{"href":"https:\/\/urbantacs.cl\/en\/wp-json\/wp\/v2\/product"}],"about":[{"href":"https:\/\/urbantacs.cl\/en\/wp-json\/wp\/v2\/types\/product"}],"replies":[{"embeddable":true,"href":"https:\/\/urbantacs.cl\/en\/wp-json\/wp\/v2\/comments?post=33593"}],"wp:featuredmedia":[{"embeddable":true,"href":"https:\/\/urbantacs.cl\/en\/wp-json\/wp\/v2\/media\/33594"}],"wp:attachment":[{"href":"https:\/\/urbantacs.cl\/en\/wp-json\/wp\/v2\/media?parent=33593"}],"wp:term":[{"taxonomy":"product_brand","embeddable":true,"href":"https:\/\/urbantacs.cl\/en\/wp-json\/wp\/v2\/product_brand?post=33593"},{"taxonomy":"product_cat","embeddable":true,"href":"https:\/\/urbantacs.cl\/en\/wp-json\/wp\/v2\/product_cat?post=33593"},{"taxonomy":"product_tag","embeddable":true,"href":"https:\/\/urbantacs.cl\/en\/wp-json\/wp\/v2\/product_tag?post=33593"}],"curies":[{"name":"wp","href":"https:\/\/api.w.org\/{rel}","templated":true}]}}