{"id":33606,"date":"2026-03-18T12:09:25","date_gmt":"2026-03-18T15:09:25","guid":{"rendered":"https:\/\/urbantacs.cl\/?post_type=product&#038;p=33606"},"modified":"2026-03-20T11:23:43","modified_gmt":"2026-03-20T14:23:43","slug":"pistola-smith-wesson-modelo-mp9-m2-0-or-ts-canon-425-calibre-9mm-171rd","status":"publish","type":"product","link":"https:\/\/urbantacs.cl\/en\/product\/pistola-smith-wesson-modelo-mp9-m2-0-or-ts-canon-425-calibre-9mm-171rd\/","title":{"rendered":"Pistola Smith &#038; Wesson, modelo M&#038;P9 M2.0 OR TS, ca\u00f1\u00f3n 4,25\u201d, calibre 9mm, 17+1Rd"},"content":{"rendered":"","protected":false},"excerpt":{"rendered":"<div class=\"styles_specsItem__Aajl7\"><span class=\"styles_specsItemName__cQkdo\">ANCHO:\u00a0<\/span><span class=\"styles_specsItemValue__BBFRP styles_lowercaseOnes__3MFjv\">1,16\u00a0pulgadas<\/span><\/div>\n<div class=\"styles_specsItem__Aajl7\"><span class=\"styles_specsItemName__cQkdo\">LONGITUD:\u00a0<\/span><span class=\"styles_specsItemValue__BBFRP styles_lowercaseOnes__3MFjv\">7,4\u00a0pulgadas<\/span><\/div>\n<div class=\"styles_specsItem__Aajl7\"><span class=\"styles_specsItemName__cQkdo\">ALTURA:\u00a0<\/span><span class=\"styles_specsItemValue__BBFRP styles_lowercaseOnes__3MFjv\">5,7\u00a0pulgadas<\/span><\/div>\n<div class=\"styles_specsItem__Aajl7\"><span class=\"styles_specsItemName__cQkdo\">PESO:\u00a0<\/span><span class=\"styles_specsItemValue__BBFRP styles_lowercaseOnes__3MFjv\">29\u00a0onzas<\/span><\/div>\n<div class=\"styles_specsItem__Aajl7\"><span class=\"styles_specsItemName__cQkdo\">CALIBRE:\u00a0<\/span><span class=\"styles_specsItemValue__BBFRP\">9MM<\/span><\/div>\n<div class=\"styles_specsItem__Aajl7\"><span class=\"styles_specsItemName__cQkdo\">TAMA\u00d1O:\u00a0<\/span><span class=\"styles_specsItemValue__BBFRP\">LLENO<\/span><\/div>\n<div class=\"styles_specsItem__Aajl7\"><span class=\"styles_specsItemName__cQkdo\">CAPACIDAD:\u00a0<\/span><span class=\"styles_specsItemValue__BBFRP\">17Rd<\/span><\/div>\n<div class=\"styles_specsItem__Aajl7\"><span class=\"styles_specsItemName__cQkdo\">ACCI\u00d3N\u00a0<\/span><span class=\"styles_specsItemValue__BBFRP\">DE AGUJA LANZADA<\/span><\/div>\n<div class=\"styles_specsItem__Aajl7\"><span class=\"styles_specsItemName__cQkdo\">LONGITUD DEL CA\u00d1\u00d3N:\u00a0<\/span><span class=\"styles_specsItemValue__BBFRP\">4.25<\/span><\/div>\n<div class=\"styles_specsItem__Aajl7\"><span class=\"styles_specsItemName__cQkdo\">AGARRE:\u00a0<\/span><span class=\"styles_specsItemValue__BBFRP\">POL\u00cdMERO<\/span><\/div>\n<div class=\"styles_specsItem__Aajl7\"><span class=\"styles_specsItemName__cQkdo\">MIRA:\u00a0<\/span><span class=\"styles_specsItemValue__BBFRP\">PUNTO BLANCO<\/span><\/div>\n<div class=\"styles_specsItem__Aajl7\"><span class=\"styles_specsItemName__cQkdo\">\u00d3PTICA LISTA:\u00a0<\/span><span class=\"styles_specsItemValue__BBFRP\">S\u00cd<\/span><\/div>\n<div class=\"styles_specsItem__Aajl7\"><span class=\"styles_specsItemName__cQkdo\">SEGURIDAD:\u00a0<\/span><span class=\"styles_specsItemValue__BBFRP\">SEGURIDAD DEL PULGAR<\/span><\/div>\n<div class=\"styles_specsItem__Aajl7\"><span class=\"styles_specsItemName__cQkdo\">COLOR\/ACABADO:\u00a0<\/span><span class=\"styles_specsItemValue__BBFRP\">NEGRO<\/span><\/div>\n<div class=\"styles_specsItem__Aajl7\"><span class=\"styles_specsItemName__cQkdo\">BARRIL ROSCADO:\u00a0<\/span><span class=\"styles_specsItemValue__BBFRP\">NO<\/span><\/div>\n<div class=\"styles_specsItem__Aajl7\"><span class=\"styles_specsItemName__cQkdo\">MATERIAL DEL BARRIL:\u00a0<\/span><span class=\"styles_specsItemValue__BBFRP\">ACERO INOXIDABLE<\/span><\/div>\n<div class=\"styles_specsItem__Aajl7\"><span class=\"styles_specsItemName__cQkdo\">MARCO:\u00a0<\/span><span class=\"styles_specsItemValue__BBFRP\">POL\u00cdMERO<\/span><\/div>\n<div class=\"styles_specsItem__Aajl7\"><span class=\"styles_specsItemName__cQkdo\">L\u00c1SER:\u00a0<\/span><span class=\"styles_specsItemValue__BBFRP\">NO<\/span><\/div>\n<div class=\"styles_specsItem__Aajl7\"><span class=\"styles_specsItemName__cQkdo\">CENTRO DE RENDIMIENTO:\u00a0<\/span><span class=\"styles_specsItemValue__BBFRP\">NO<\/span><\/div>\n<div class=\"styles_specsItem__Aajl7\"><span class=\"styles_specsItemName__cQkdo\">N\u00daMERO DE CARGADORES:\u00a0<\/span><span class=\"styles_specsItemValue__BBFRP\">2<\/span><\/div>\n<div class=\"styles_specsItem__Aajl7\"><span class=\"styles_specsItemName__cQkdo\">GATILLO DE 10LB:\u00a0<\/span><span class=\"styles_specsItemValue__BBFRP\">NO<\/span><\/div>\n<div>\n<p><strong>IMPORTANTE:<\/strong>\u00a0Este es un producto sometido a control por la Direcci\u00f3n General de Movilizaci\u00f3n Nacional (DGMN), antes de comprar aseg\u00farese de cumplir con todos los requisitos y requerimientos establecidos en la ley N\u00b017.798 de control de armas.<\/p>\n<\/div>","protected":false},"featured_media":33603,"comment_status":"open","ping_status":"closed","template":"","meta":[],"product_brand":[],"product_cat":[47,45,51],"product_tag":[],"class_list":{"0":"post-33606","1":"product","2":"type-product","3":"status-publish","4":"has-post-thumbnail","6":"product_cat-armas-cortas","7":"product_cat-pistolas","8":"product_cat-smith-wesson-armas-cortas","10":"first","11":"onbackorder","12":"shipping-taxable","13":"purchasable","14":"product-type-simple"},"_links":{"self":[{"href":"https:\/\/urbantacs.cl\/en\/wp-json\/wp\/v2\/product\/33606","targetHints":{"allow":["GET"]}}],"collection":[{"href":"https:\/\/urbantacs.cl\/en\/wp-json\/wp\/v2\/product"}],"about":[{"href":"https:\/\/urbantacs.cl\/en\/wp-json\/wp\/v2\/types\/product"}],"replies":[{"embeddable":true,"href":"https:\/\/urbantacs.cl\/en\/wp-json\/wp\/v2\/comments?post=33606"}],"wp:featuredmedia":[{"embeddable":true,"href":"https:\/\/urbantacs.cl\/en\/wp-json\/wp\/v2\/media\/33603"}],"wp:attachment":[{"href":"https:\/\/urbantacs.cl\/en\/wp-json\/wp\/v2\/media?parent=33606"}],"wp:term":[{"taxonomy":"product_brand","embeddable":true,"href":"https:\/\/urbantacs.cl\/en\/wp-json\/wp\/v2\/product_brand?post=33606"},{"taxonomy":"product_cat","embeddable":true,"href":"https:\/\/urbantacs.cl\/en\/wp-json\/wp\/v2\/product_cat?post=33606"},{"taxonomy":"product_tag","embeddable":true,"href":"https:\/\/urbantacs.cl\/en\/wp-json\/wp\/v2\/product_tag?post=33606"}],"curies":[{"name":"wp","href":"https:\/\/api.w.org\/{rel}","templated":true}]}}