{"id":33607,"date":"2026-03-18T12:13:07","date_gmt":"2026-03-18T15:13:07","guid":{"rendered":"https:\/\/urbantacs.cl\/?post_type=product&#038;p=33607"},"modified":"2026-03-18T12:14:16","modified_gmt":"2026-03-18T15:14:16","slug":"pistola-smith-wesson-modelo-mp9-shield-ez-ported-black-canon-38-calibre-9mm-capacidad-81rd","status":"publish","type":"product","link":"https:\/\/urbantacs.cl\/en\/product\/pistola-smith-wesson-modelo-mp9-shield-ez-ported-black-canon-38-calibre-9mm-capacidad-81rd\/","title":{"rendered":"Pistola Smith &#038; Wesson, modelo M&#038;P9 Shield EZ Ported Black, ca\u00f1\u00f3n 3,8\u201d, calibre 9mm, capacidad 8+1Rd."},"content":{"rendered":"","protected":false},"excerpt":{"rendered":"<div><span class=\"strong\" data-condition=\"nullHideParent\" data-title=\"html\">Performance Center\u00ae M&amp;P\u00ae9 SHIELD\u2122 EZ\u00ae Black Ported Barrel No Thumb Safety<\/span><\/div>\n<div><label>Caliber<\/label>\u00a0<span class=\"strong\" data-condition=\"nullHideParent\" data-caliber-all=\"html\">9mm Luger<\/span><\/div>\n<div><label>Capacity<\/label>\u00a0<span class=\"strong\" data-condition=\"nullHideParent\" data-capacity=\"html\">8+1<\/span><\/div>\n<div><label>Color<\/label>\u00a0<span class=\"strong\" data-condition=\"nullHideParent\" data-color=\"html\">Black<\/span><\/div>\n<div><label>Safety<\/label>\u00a0<span class=\"strong\" data-condition=\"nullHideParent\" data-safety=\"html\">No Thumb Safety<\/span><\/div>\n<div><label>Length<\/label>\u00a0<span class=\"strong\" data-condition=\"nullHideParent\" data-length=\"html\">7<\/span><\/div>\n<div><label>Front Sight<\/label>\u00a0<span class=\"strong\" data-condition=\"nullHideParent\" data-front-sight=\"html\">HI-VIZ\u00ae Litewave H3\u2122 Tritium\/Litepipe<\/span><\/div>\n<div><label>Rear Sight<\/label>\u00a0<span class=\"strong\" data-condition=\"nullHideParent\" data-rear-sight=\"html\">HI-VIZ\u00ae Litewave H3\u2122 Tritium\/Litepipe<\/span><\/div>\n<div><label>Action<\/label>\u00a0<span class=\"strong\" data-condition=\"nullHideParent\" data-action=\"html\">Internal Hammer Fired<\/span><\/div>\n<div><label>Grip<\/label>\u00a0<span class=\"strong\" data-condition=\"nullHideParent\" data-grip=\"html\">Polymer<\/span><\/div>\n<div><label>Barrel Material<\/label>\u00a0<span class=\"strong\" data-condition=\"nullHideParent\" data-barrel-material=\"html\">Stainless Steel<\/span><\/div>\n<div><label>Slide Material<\/label>\u00a0<span class=\"strong\" data-condition=\"nullHideParent\" data-slide-material=\"html\">Stainless Steel<\/span><\/div>\n<div><label>Frame Material<\/label>\u00a0<span class=\"strong\" data-condition=\"nullHideParent\" data-frame-material=\"html\">Polymer<\/span><\/div>\n<div><label>Barrel Length<\/label>\u00a0<span class=\"strong\" data-condition=\"nullHideParent\" data-barrel=\"html\">3.8\u2033 (9.7 cm)<\/span><\/div>\n<div><label>Weight<\/label>\u00a0<span class=\"strong\" data-condition=\"nullHideParent\" data-weight=\"html\">23.2\u00a0<\/span><strong>oz.<\/strong><\/div>\n<div>\n<p><strong>IMPORTANTE:<\/strong>\u00a0Este es un producto sometido a control por la Direcci\u00f3n General de Movilizaci\u00f3n Nacional (DGMN), antes de comprar aseg\u00farese de cumplir con todos los requisitos y requerimientos establecidos en la ley N\u00b017.798 de control de armas.<\/p>\n<\/div>","protected":false},"featured_media":33608,"comment_status":"open","ping_status":"closed","template":"","meta":[],"product_brand":[],"product_cat":[47,45,51],"product_tag":[],"class_list":{"0":"post-33607","1":"product","2":"type-product","3":"status-publish","4":"has-post-thumbnail","6":"product_cat-armas-cortas","7":"product_cat-pistolas","8":"product_cat-smith-wesson-armas-cortas","10":"first","11":"onbackorder","12":"shipping-taxable","13":"purchasable","14":"product-type-simple"},"_links":{"self":[{"href":"https:\/\/urbantacs.cl\/en\/wp-json\/wp\/v2\/product\/33607","targetHints":{"allow":["GET"]}}],"collection":[{"href":"https:\/\/urbantacs.cl\/en\/wp-json\/wp\/v2\/product"}],"about":[{"href":"https:\/\/urbantacs.cl\/en\/wp-json\/wp\/v2\/types\/product"}],"replies":[{"embeddable":true,"href":"https:\/\/urbantacs.cl\/en\/wp-json\/wp\/v2\/comments?post=33607"}],"wp:featuredmedia":[{"embeddable":true,"href":"https:\/\/urbantacs.cl\/en\/wp-json\/wp\/v2\/media\/33608"}],"wp:attachment":[{"href":"https:\/\/urbantacs.cl\/en\/wp-json\/wp\/v2\/media?parent=33607"}],"wp:term":[{"taxonomy":"product_brand","embeddable":true,"href":"https:\/\/urbantacs.cl\/en\/wp-json\/wp\/v2\/product_brand?post=33607"},{"taxonomy":"product_cat","embeddable":true,"href":"https:\/\/urbantacs.cl\/en\/wp-json\/wp\/v2\/product_cat?post=33607"},{"taxonomy":"product_tag","embeddable":true,"href":"https:\/\/urbantacs.cl\/en\/wp-json\/wp\/v2\/product_tag?post=33607"}],"curies":[{"name":"wp","href":"https:\/\/api.w.org\/{rel}","templated":true}]}}