{"id":33613,"date":"2026-03-18T12:30:32","date_gmt":"2026-03-18T15:30:32","guid":{"rendered":"https:\/\/urbantacs.cl\/?post_type=product&#038;p=33613"},"modified":"2026-03-18T12:39:14","modified_gmt":"2026-03-18T15:39:14","slug":"pistola-smith-wesson-modelo-mp9-shield-ez-gold-canon-38-calibre-9mm-capacidad-81rd","status":"publish","type":"product","link":"https:\/\/urbantacs.cl\/en\/product\/pistola-smith-wesson-modelo-mp9-shield-ez-gold-canon-38-calibre-9mm-capacidad-81rd\/","title":{"rendered":"Pistola Smith &#038; Wesson, modelo M&#038;P9 Shield EZ Gold, ca\u00f1\u00f3n 3,8\u201d, calibre 9mm, capacidad 8+1Rd."},"content":{"rendered":"","protected":false},"excerpt":{"rendered":"<div role=\"listitem\"><span class=\"strong\" data-condition=\"nullHideParent\" data-title=\"html\">Performance Center<sup>\u00ae<\/sup>\u00a0M&amp;P\u00ae9 SHIELD<sup>\u2122<\/sup>\u00a0EZ\u00ae Gold Ported Barrel No Thumb Safety<\/span><\/div>\n<div role=\"listitem\"><label>Caliber<\/label>\u00a0<span class=\"strong\" data-condition=\"nullHideParent\" data-caliber-all=\"html\">9mm Luger<\/span><\/div>\n<div role=\"listitem\"><label>Capacity<\/label>\u00a0<span class=\"strong\" data-condition=\"nullHideParent\" data-capacity=\"html\">8+1<\/span><\/div>\n<div role=\"listitem\"><label>Color<\/label>\u00a0<span class=\"strong\" data-condition=\"nullHideParent\" data-color=\"html\">Gold Accents<\/span><\/div>\n<div role=\"listitem\"><label>Safety<\/label>\u00a0<span class=\"strong\" data-condition=\"nullHideParent\" data-safety=\"html\">No Thumb Safety<\/span><\/div>\n<div role=\"listitem\"><label>Length<\/label>\u00a0<span class=\"strong\" data-condition=\"nullHideParent\" data-length=\"html\">7<\/span><\/div>\n<div role=\"listitem\"><label>Front Sight<\/label>\u00a0<span class=\"strong\" data-condition=\"nullHideParent\" data-front-sight=\"html\">HI-VIZ<sup>\u00ae<\/sup>\u00a0Litewave H3<sup>\u2122<\/sup>\u00a0Tritium\/Litepipe<\/span><\/div>\n<div role=\"listitem\"><label>Rear Sight<\/label>\u00a0<span class=\"strong\" data-condition=\"nullHideParent\" data-rear-sight=\"html\">HI-VIZ<sup>\u00ae<\/sup>\u00a0Litewave H3<sup>\u2122<\/sup>\u00a0Tritium\/Litepipe<\/span><\/div>\n<div role=\"listitem\"><label>Action<\/label>\u00a0<span class=\"strong\" data-condition=\"nullHideParent\" data-action=\"html\">Internal Hammer Fired<\/span><\/div>\n<div role=\"listitem\"><label>Grip<\/label>\u00a0<span class=\"strong\" data-condition=\"nullHideParent\" data-grip=\"html\">Polymer<\/span><\/div>\n<div role=\"listitem\"><label>Barrel Material<\/label>\u00a0<span class=\"strong\" data-condition=\"nullHideParent\" data-barrel-material=\"html\">Stainless Steel<\/span><\/div>\n<div role=\"listitem\"><label>Slide Material<\/label>\u00a0<span class=\"strong\" data-condition=\"nullHideParent\" data-slide-material=\"html\">Stainless Steel<\/span><\/div>\n<div role=\"listitem\"><label>Frame Material<\/label>\u00a0<span class=\"strong\" data-condition=\"nullHideParent\" data-frame-material=\"html\">Polymer<\/span><\/div>\n<div role=\"listitem\"><label>Barrel Length<\/label>\u00a0<span class=\"strong\" data-condition=\"nullHideParent\" data-barrel=\"html\">3.8\u2033 (9.7 cm)<\/span><\/div>\n<div role=\"listitem\"><label>Weight<\/label>\u00a0<span class=\"strong\" data-condition=\"nullHideParent\" data-weight=\"html\">23.2<\/span>\u00a0<strong>oz.<\/strong><\/div>\n<div role=\"listitem\"><label>State Compliance<\/label>\u00a0<span class=\"strong\" data-condition=\"nullHideParent\" data-state-compliance=\"html\">MA<\/span><\/div>\n<div role=\"listitem\"><\/div>\n<div role=\"listitem\"><strong>IMPORTANTE:<\/strong>\u00a0Este es un producto sometido a control por la Direcci\u00f3n General de Movilizaci\u00f3n Nacional (DGMN), antes de comprar aseg\u00farese de cumplir con todos los requisitos y requerimientos establecidos en la ley N\u00b017.798 de control de armas.<\/div>","protected":false},"featured_media":33614,"comment_status":"open","ping_status":"closed","template":"","meta":[],"product_brand":[],"product_cat":[47,45,51],"product_tag":[],"class_list":{"0":"post-33613","1":"product","2":"type-product","3":"status-publish","4":"has-post-thumbnail","6":"product_cat-armas-cortas","7":"product_cat-pistolas","8":"product_cat-smith-wesson-armas-cortas","10":"first","11":"instock","12":"shipping-taxable","13":"purchasable","14":"product-type-simple"},"_links":{"self":[{"href":"https:\/\/urbantacs.cl\/en\/wp-json\/wp\/v2\/product\/33613","targetHints":{"allow":["GET"]}}],"collection":[{"href":"https:\/\/urbantacs.cl\/en\/wp-json\/wp\/v2\/product"}],"about":[{"href":"https:\/\/urbantacs.cl\/en\/wp-json\/wp\/v2\/types\/product"}],"replies":[{"embeddable":true,"href":"https:\/\/urbantacs.cl\/en\/wp-json\/wp\/v2\/comments?post=33613"}],"wp:featuredmedia":[{"embeddable":true,"href":"https:\/\/urbantacs.cl\/en\/wp-json\/wp\/v2\/media\/33614"}],"wp:attachment":[{"href":"https:\/\/urbantacs.cl\/en\/wp-json\/wp\/v2\/media?parent=33613"}],"wp:term":[{"taxonomy":"product_brand","embeddable":true,"href":"https:\/\/urbantacs.cl\/en\/wp-json\/wp\/v2\/product_brand?post=33613"},{"taxonomy":"product_cat","embeddable":true,"href":"https:\/\/urbantacs.cl\/en\/wp-json\/wp\/v2\/product_cat?post=33613"},{"taxonomy":"product_tag","embeddable":true,"href":"https:\/\/urbantacs.cl\/en\/wp-json\/wp\/v2\/product_tag?post=33613"}],"curies":[{"name":"wp","href":"https:\/\/api.w.org\/{rel}","templated":true}]}}