{"id":33620,"date":"2026-03-18T12:57:19","date_gmt":"2026-03-18T15:57:19","guid":{"rendered":"https:\/\/urbantacs.cl\/?post_type=product&#038;p=33620"},"modified":"2026-03-18T12:58:22","modified_gmt":"2026-03-18T15:58:22","slug":"revolver-smith-wesson-modelo-29-classics-6-1-2%e2%80%b3-blue-calibre-44magnum","status":"publish","type":"product","link":"https:\/\/urbantacs.cl\/en\/product\/revolver-smith-wesson-modelo-29-classics-6-1-2%e2%80%b3-blue-calibre-44magnum\/","title":{"rendered":"Revolver Smith &#038; Wesson modelo 29 \u2013 CLASSICS 6 1\/2\u2033 BLUE, calibre .44Magnum"},"content":{"rendered":"","protected":false},"excerpt":{"rendered":"<div class=\"col-sm-6\">\n<div class=\"specs\">\n<div>Model: Model 29 \u2013 S&amp;W Classics 6 1\/2\u2033 Blue<\/div>\n<div>Caliber: .44 Magnum, .44 S&amp;W Special<\/div>\n<div>Capacity: 6<\/div>\n<div>Barrel Length: 6.5\u2033 \/ 16.5 cm<\/div>\n<div>Overall Length: 12.0\u2033<\/div>\n<div>Front Sight: Red Ramp<\/div>\n<div>Rear Sight: Adjustable<\/div>\n<div>Action: Single\/Double Action<\/div>\n<\/div>\n<\/div>\n<div class=\"col-sm-6\">\n<div class=\"specs\">\n<div>Grip: Wood<\/div>\n<div>Weight: 47.7 oz \/ 1,352.3g<\/div>\n<div>Cylinder Material: Carbon Steel<\/div>\n<div>Barrel Material: Carbon Steel<\/div>\n<div>Frame Material: Carbon Steel<\/div>\n<div>Frame Finish: Blue<\/div>\n<div>Purpose: Enthusiast, State<\/div>\n<div><\/div>\n<\/div>\n<div><strong>IMPORTANTE:<\/strong>\u00a0Este es un producto sometido a control por la Direcci\u00f3n General de Movilizaci\u00f3n Nacional (DGMN), antes de comprar aseg\u00farese de cumplir con todos los requisitos y requerimientos establecidos en la ley N\u00b017.798 de control de armas.<\/div>\n<\/div>","protected":false},"featured_media":33621,"comment_status":"open","ping_status":"closed","template":"","meta":[],"product_brand":[],"product_cat":[47,91,51],"product_tag":[],"class_list":{"0":"post-33620","1":"product","2":"type-product","3":"status-publish","4":"has-post-thumbnail","6":"product_cat-armas-cortas","7":"product_cat-revolver","8":"product_cat-smith-wesson-armas-cortas","10":"first","11":"onbackorder","12":"shipping-taxable","13":"purchasable","14":"product-type-simple"},"_links":{"self":[{"href":"https:\/\/urbantacs.cl\/en\/wp-json\/wp\/v2\/product\/33620","targetHints":{"allow":["GET"]}}],"collection":[{"href":"https:\/\/urbantacs.cl\/en\/wp-json\/wp\/v2\/product"}],"about":[{"href":"https:\/\/urbantacs.cl\/en\/wp-json\/wp\/v2\/types\/product"}],"replies":[{"embeddable":true,"href":"https:\/\/urbantacs.cl\/en\/wp-json\/wp\/v2\/comments?post=33620"}],"wp:featuredmedia":[{"embeddable":true,"href":"https:\/\/urbantacs.cl\/en\/wp-json\/wp\/v2\/media\/33621"}],"wp:attachment":[{"href":"https:\/\/urbantacs.cl\/en\/wp-json\/wp\/v2\/media?parent=33620"}],"wp:term":[{"taxonomy":"product_brand","embeddable":true,"href":"https:\/\/urbantacs.cl\/en\/wp-json\/wp\/v2\/product_brand?post=33620"},{"taxonomy":"product_cat","embeddable":true,"href":"https:\/\/urbantacs.cl\/en\/wp-json\/wp\/v2\/product_cat?post=33620"},{"taxonomy":"product_tag","embeddable":true,"href":"https:\/\/urbantacs.cl\/en\/wp-json\/wp\/v2\/product_tag?post=33620"}],"curies":[{"name":"wp","href":"https:\/\/api.w.org\/{rel}","templated":true}]}}