{"id":33660,"date":"2026-04-16T09:36:31","date_gmt":"2026-04-16T13:36:31","guid":{"rendered":"https:\/\/urbantacs.cl\/?post_type=product&#038;p=33660"},"modified":"2026-04-16T09:36:31","modified_gmt":"2026-04-16T13:36:31","slug":"lentes-wiley-x-saber-modelo-308t-3-micas-marco-cafe","status":"publish","type":"product","link":"https:\/\/urbantacs.cl\/en\/product\/lentes-wiley-x-saber-modelo-308t-3-micas-marco-cafe\/","title":{"rendered":"LENTES WILEY-X SABER MODELO 308T 3 MICAS MARCO CAFE"},"content":{"rendered":"","protected":false},"excerpt":{"rendered":"<div>Descubre la protecci\u00f3n definitiva con los lentes bal\u00edsticos Wiley X Saber Advanced New Mod. 308T, dise\u00f1ados para brindar m\u00e1xima seguridad, comodidad y adaptabilidad en cualquier entorno. Este modelo incluye 3 micas intercambiables para que puedas ajustarlos f\u00e1cilmente a distintas condiciones de luz y actividad.<\/div>\n<div><\/div>\n<div><b>CARACTERISTICAS:<\/b><\/div>\n<div><\/div>\n<div>-Dise\u00f1ados para soportar impactos extremos, cumplen con est\u00e1ndares bal\u00edsticos MIL-PRF-32432 (GL) y normativas de alta velocidad y alto impacto ANSI Z87.1-2010.<\/div>\n<div><\/div>\n<div>-Cumplen con los est\u00e1ndares de seguridad industrial OSHA 1910.133 (b)(1)(i) de EE.UU.<\/div>\n<div><\/div>\n<div>-Tres micas intercambiables para diferentes condiciones:<\/div>\n<div><\/div>\n<div>Mica transparente: Ideal para ambientes con poca luz o interiores, proporciona una transmisi\u00f3n de luz del 89% y una representaci\u00f3n precisa de colores.<\/div>\n<div><\/div>\n<div>Mica gris humo: Perfecta para condiciones de alta luminosidad, reduce el deslumbramiento sin distorsionar los colores. Transmisi\u00f3n de luz: 14%-20%.<\/div>\n<div><\/div>\n<div>Mica Light Rust: Mejora la visibilidad en condiciones de luz media a baja. Transmisi\u00f3n de luz del 53%.<\/div>\n<div>Recubrimiento T-ShellTM: Resistencia superior a rayaduras para un rendimiento duradero.<\/div>\n<div><\/div>\n<div>-Protecci\u00f3n 100% UVA\/UVB: Cuida tus ojos mientras ofrece una claridad \u00f3ptica sin distorsiones.<\/div>\n<div><\/div>\n<div>-Dise\u00f1o ergon\u00f3mico y ajustable: Pieza de nariz ajustable: Garantiza un ajuste c\u00f3modo y seguro para cualquier tipo de rostro.<\/div>\n<div>Compatibilidad con el inserto de prescripci\u00f3n PTX: Ideal para quienes requieren correcci\u00f3n visual adicional.<\/div>\n<div><\/div>\n<div><b>INCLUYE:<\/b><\/div>\n<div><\/div>\n<div>-Estuche negro con cremallera: Protecci\u00f3n y transporte seguro para tus lentes y micas.<\/div>\n<div>-Pa\u00f1o de limpieza con logotipo Wiley X: Mant\u00e9n tus lentes en perfectas condiciones.<\/div>\n<div>-Correa el\u00e1stica ajustable: Proporciona mayor seguridad durante actividades intensas.<\/div>\n<div><\/div>\n<div><b>VENTAJAS:<\/b><\/div>\n<div><\/div>\n<div>-M\u00e1xima adaptabilidad: Las 3 micas intercambiables te permiten afrontar cualquier condici\u00f3n de luz, desde interiores hasta d\u00edas soleados.<\/div>\n<div>-Protecci\u00f3n t\u00e1ctica y deportiva: Dise\u00f1ados para tiro deportivo, caza, airsoft y actividades al aire libre, adem\u00e1s de cumplir con los -requerimientos industriales.<\/div>\n<div>-Ligereza y confort: Perfectos para usos prolongados gracias a su dise\u00f1o ergon\u00f3mico.<\/div>\n<div><\/div>\n<div>Los lentes bal\u00edsticos Wiley X Saber Advanced New Mod. 308T son la elecci\u00f3n definitiva para quienes buscan estilo, protecci\u00f3n y funcionalidad en un solo producto.<\/div>\n<div><\/div>\n<div>\u00a1Equ\u00edpate con lo mejor y eleva tu rendimiento al m\u00e1ximo!<\/div>","protected":false},"featured_media":33661,"comment_status":"open","ping_status":"closed","template":"","meta":[],"product_brand":[],"product_cat":[85],"product_tag":[],"class_list":{"0":"post-33660","1":"product","2":"type-product","3":"status-publish","4":"has-post-thumbnail","6":"product_cat-seguridad","8":"first","9":"instock","10":"shipping-taxable","11":"purchasable","12":"product-type-simple"},"_links":{"self":[{"href":"https:\/\/urbantacs.cl\/en\/wp-json\/wp\/v2\/product\/33660","targetHints":{"allow":["GET"]}}],"collection":[{"href":"https:\/\/urbantacs.cl\/en\/wp-json\/wp\/v2\/product"}],"about":[{"href":"https:\/\/urbantacs.cl\/en\/wp-json\/wp\/v2\/types\/product"}],"replies":[{"embeddable":true,"href":"https:\/\/urbantacs.cl\/en\/wp-json\/wp\/v2\/comments?post=33660"}],"wp:featuredmedia":[{"embeddable":true,"href":"https:\/\/urbantacs.cl\/en\/wp-json\/wp\/v2\/media\/33661"}],"wp:attachment":[{"href":"https:\/\/urbantacs.cl\/en\/wp-json\/wp\/v2\/media?parent=33660"}],"wp:term":[{"taxonomy":"product_brand","embeddable":true,"href":"https:\/\/urbantacs.cl\/en\/wp-json\/wp\/v2\/product_brand?post=33660"},{"taxonomy":"product_cat","embeddable":true,"href":"https:\/\/urbantacs.cl\/en\/wp-json\/wp\/v2\/product_cat?post=33660"},{"taxonomy":"product_tag","embeddable":true,"href":"https:\/\/urbantacs.cl\/en\/wp-json\/wp\/v2\/product_tag?post=33660"}],"curies":[{"name":"wp","href":"https:\/\/api.w.org\/{rel}","templated":true}]}}