{"id":33677,"date":"2026-04-21T10:10:35","date_gmt":"2026-04-21T14:10:35","guid":{"rendered":"https:\/\/urbantacs.cl\/?post_type=product&#038;p=33677"},"modified":"2026-04-21T10:11:29","modified_gmt":"2026-04-21T14:11:29","slug":"balas-eley-sport-cal-22-lr-40-gr","status":"publish","type":"product","link":"https:\/\/urbantacs.cl\/en\/product\/balas-eley-sport-cal-22-lr-40-gr\/","title":{"rendered":"MUNICION  ELEY SPORT CAL .22 LR 40 GR"},"content":{"rendered":"","protected":false},"excerpt":{"rendered":"<p>La munici\u00f3n ELEY calibre .22 LR es\u00a0reconocida mundialmente por su alta precisi\u00f3n y consistencia, siendo l\u00edder en tiro deportivo de competici\u00f3n. Fabricada con tecnolog\u00eda de punta (como ELEY Tenex), ofrece opciones desde entrenamiento (ELEY Sport) hasta alta competencia. Se caracteriza por un proyectil de plomo y, a menudo, una capa de cera lubricante para mayor suavidad.<\/p>\n<p><strong>Caracter\u00edsticas Principales de ELEY .22 LR:<\/strong><\/p>\n<ul>\n<li><strong>Variedad de L\u00edneas:<\/strong>\u00a0Incluye la gama alta\u00a0<strong><a href=\"https:\/\/www.google.com\/search?q=ELEY+Tenex&amp;rlz=1C1CHBF_esCL1045CL1046&amp;oq=MUNICION+ELY+CALIBRE+22&amp;gs_lcrp=EgZjaHJvbWUyCQgAEEUYORigATIHCAEQIRigAdIBCDg4NjRqMGo3qAIIsAIB8QX3d2J2FYHHyw&amp;sourceid=chrome&amp;ie=UTF-8&amp;mstk=AUtExfBD8XdrgCfg3O5Dknekyz76YEPwSku4ALvbS6B11LR6MDUYYp_Rf7OXWkw9KkLrOq1_zyJeBcO1tpPF0mJjdS5qsHZQp9Vt1nuwDLNv4QgpkcIvkt2rlMSqikIltnXGrhQ-wft2vosfa9LCDeFD_qnteUs-j5MQgM3kGHQvmav-3ag&amp;csui=3&amp;ved=2ahUKEwiY6Nm2jf-TAxUEqJUCHSg_LOIQgK4QegQIAxAB\">ELEY Tenex<\/a><\/strong>\u00a0(precisi\u00f3n m\u00e1xima), Match, Team, Club y Sport.<\/li>\n<li><strong>Peso del Proyectil:<\/strong>\u00a0Generalmente 40 grains (2,59g), est\u00e1ndar para .22 LR.<\/li>\n<li><strong>Uso:<\/strong>\u00a0Ideal para carabina tendido, 3 posiciones, pistola libre y benchrest.<\/li>\n<li><strong>Lubricaci\u00f3n:<\/strong>\u00a0A menudo cubiertas con cera (sebo) para mejorar la alimentaci\u00f3n y reducir el desgaste del ca\u00f1\u00f3n<\/li>\n<\/ul>\n<p>&nbsp;<\/p>\n<p><strong>IMPORTANTE:<\/strong>\u00a0Este es un producto sometido a control por la Direcci\u00f3n General de Movilizaci\u00f3n Nacional (DGMN), antes de comprar aseg\u00farese de cumplir con todos los requisitos y requerimientos establecidos en la ley N\u00b017.798 de control de armas.<\/p>","protected":false},"featured_media":33678,"comment_status":"open","ping_status":"closed","template":"","meta":[],"product_brand":[],"product_cat":[58,38],"product_tag":[],"class_list":{"0":"post-33677","1":"product","2":"type-product","3":"status-publish","4":"has-post-thumbnail","6":"product_cat-cal-22-lr","7":"product_cat-municiones","9":"first","10":"instock","11":"shipping-taxable","12":"purchasable","13":"product-type-simple"},"_links":{"self":[{"href":"https:\/\/urbantacs.cl\/en\/wp-json\/wp\/v2\/product\/33677","targetHints":{"allow":["GET"]}}],"collection":[{"href":"https:\/\/urbantacs.cl\/en\/wp-json\/wp\/v2\/product"}],"about":[{"href":"https:\/\/urbantacs.cl\/en\/wp-json\/wp\/v2\/types\/product"}],"replies":[{"embeddable":true,"href":"https:\/\/urbantacs.cl\/en\/wp-json\/wp\/v2\/comments?post=33677"}],"wp:featuredmedia":[{"embeddable":true,"href":"https:\/\/urbantacs.cl\/en\/wp-json\/wp\/v2\/media\/33678"}],"wp:attachment":[{"href":"https:\/\/urbantacs.cl\/en\/wp-json\/wp\/v2\/media?parent=33677"}],"wp:term":[{"taxonomy":"product_brand","embeddable":true,"href":"https:\/\/urbantacs.cl\/en\/wp-json\/wp\/v2\/product_brand?post=33677"},{"taxonomy":"product_cat","embeddable":true,"href":"https:\/\/urbantacs.cl\/en\/wp-json\/wp\/v2\/product_cat?post=33677"},{"taxonomy":"product_tag","embeddable":true,"href":"https:\/\/urbantacs.cl\/en\/wp-json\/wp\/v2\/product_tag?post=33677"}],"curies":[{"name":"wp","href":"https:\/\/api.w.org\/{rel}","templated":true}]}}