{"id":33679,"date":"2026-04-21T10:44:16","date_gmt":"2026-04-21T14:44:16","guid":{"rendered":"https:\/\/urbantacs.cl\/?post_type=product&#038;p=33679"},"modified":"2026-04-21T10:44:16","modified_gmt":"2026-04-21T14:44:16","slug":"municion-fiocchi-mod-target-sport-cal-22-long-rifle-lrn-40-gr","status":"publish","type":"product","link":"https:\/\/urbantacs.cl\/en\/product\/municion-fiocchi-mod-target-sport-cal-22-long-rifle-lrn-40-gr\/","title":{"rendered":"MUNICION FIOCCHI MOD. TARGET SPORT CAL. 22 LONG RIFLE LRN 40 GR."},"content":{"rendered":"","protected":false},"excerpt":{"rendered":"<div data-sfc-cp=\"\" data-sfc-root=\"c\" data-sfc-cb=\"\" data-hveid=\"CAEQAA\">\n<p>La munici\u00f3n Fiocchi .22 LR LRN (Lead Round Nose) de 40 grains es una\u00a0bala de percusi\u00f3n anular de alta calidad fabricada en Italia, ideal para tiro deportivo, entrenamiento y caza menor. Ofrece un peso est\u00e1ndar de 2.59 gramos (40 gr) con una velocidad constante, com\u00fanmente comercializada en cajas de 50 unidades.<\/p>\n<p><strong>Caracter\u00edsticas Principales:<\/strong><\/p>\n<ul>\n<li><strong>Tipo de punta:<\/strong>\u00a0LRN (Lead Round Nose &#8211; Punta de plomo redondeada).<\/li>\n<li><strong>Peso del proyectil:<\/strong>\u00a040 grains (2.59 gramos).<\/li>\n<li><strong>Calibre:<\/strong>\u00a0.22 Long Rifle (.22 LR).<\/li>\n<li><strong>Velocidad:<\/strong>\u00a0Aproximadamente\u00a0DE 320 A 380 M\/S<\/li>\n<li><strong>Uso:<\/strong>\u00a0Excelente para precisi\u00f3n en carabinas y pistolas, entrenamiento y tiro al blanco.<\/li>\n<li><strong>Caracter\u00edstica:<\/strong>\u00a0Incluye a menudo un revestimiento especial que reduce residuos en el ca\u00f1\u00f3n.<\/li>\n<\/ul>\n<p><strong>IMPORTANTE:<\/strong>\u00a0Este es un producto sometido a control por la Direcci\u00f3n General de Movilizaci\u00f3n Nacional (DGMN), antes de comprar aseg\u00farese de cumplir con todos los requisitos y requerimientos establecidos en la ley N\u00b017.798 de control de armas.<\/p>\n<p>&nbsp;<\/p>\n<\/div>\n<div data-sfc-cp=\"\" data-sfc-root=\"c\" data-sfc-cb=\"\" data-hveid=\"CAEQAA\"><\/div>\n<p>&nbsp;<\/p>","protected":false},"featured_media":33680,"comment_status":"open","ping_status":"closed","template":"","meta":[],"product_brand":[],"product_cat":[58,38],"product_tag":[],"class_list":{"0":"post-33679","1":"product","2":"type-product","3":"status-publish","4":"has-post-thumbnail","6":"product_cat-cal-22-lr","7":"product_cat-municiones","9":"first","10":"instock","11":"shipping-taxable","12":"purchasable","13":"product-type-simple"},"_links":{"self":[{"href":"https:\/\/urbantacs.cl\/en\/wp-json\/wp\/v2\/product\/33679","targetHints":{"allow":["GET"]}}],"collection":[{"href":"https:\/\/urbantacs.cl\/en\/wp-json\/wp\/v2\/product"}],"about":[{"href":"https:\/\/urbantacs.cl\/en\/wp-json\/wp\/v2\/types\/product"}],"replies":[{"embeddable":true,"href":"https:\/\/urbantacs.cl\/en\/wp-json\/wp\/v2\/comments?post=33679"}],"wp:featuredmedia":[{"embeddable":true,"href":"https:\/\/urbantacs.cl\/en\/wp-json\/wp\/v2\/media\/33680"}],"wp:attachment":[{"href":"https:\/\/urbantacs.cl\/en\/wp-json\/wp\/v2\/media?parent=33679"}],"wp:term":[{"taxonomy":"product_brand","embeddable":true,"href":"https:\/\/urbantacs.cl\/en\/wp-json\/wp\/v2\/product_brand?post=33679"},{"taxonomy":"product_cat","embeddable":true,"href":"https:\/\/urbantacs.cl\/en\/wp-json\/wp\/v2\/product_cat?post=33679"},{"taxonomy":"product_tag","embeddable":true,"href":"https:\/\/urbantacs.cl\/en\/wp-json\/wp\/v2\/product_tag?post=33679"}],"curies":[{"name":"wp","href":"https:\/\/api.w.org\/{rel}","templated":true}]}}