{"id":33688,"date":"2026-04-21T13:52:24","date_gmt":"2026-04-21T17:52:24","guid":{"rendered":"https:\/\/urbantacs.cl\/?post_type=product&#038;p=33688"},"modified":"2026-04-21T13:52:24","modified_gmt":"2026-04-21T17:52:24","slug":"navaja-tactica-seals-negra-id-19817","status":"publish","type":"product","link":"https:\/\/urbantacs.cl\/en\/product\/navaja-tactica-seals-negra-id-19817\/","title":{"rendered":"Navaja T\u00e1ctica Seals Negra  ID 19817"},"content":{"rendered":"","protected":false},"excerpt":{"rendered":"<p>La\u00a0<strong><a href=\"https:\/\/www.google.com\/search?q=Navaja+T%C3%A1ctica+Albainox+Seals+Negra+19817&amp;sca_esv=ce9bda148a5d733d&amp;rlz=1C1CHBF_esCL1045CL1046&amp;biw=1920&amp;bih=919&amp;sxsrf=ANbL-n4VAkysuXv5cnJPwTtcxoffIIUkYA%3A1776790264931&amp;ei=-KrnaZvAOMzO5OUP4-y9CA&amp;ved=2ahUKEwi98aPptP-TAxXXIbkGHZ5qPBQQgK4QegQIARAB&amp;uact=5&amp;oq=Navaja+T%C3%A1ctica+Seals+Negra++19817&amp;gs_lp=Egxnd3Mtd2l6LXNlcnAiIk5hdmFqYSBUw6FjdGljYSBTZWFscyBOZWdyYSAgMTk4MTcyBRAAGO8FMgUQABjvBTIIEAAYgAQYogQyBRAAGO8FMgUQABjvBUisQlAAWKA1cAF4AJABAJgBfKAB0QKqAQMzLjG4AQPIAQD4AQH4AQKYAgOgAqUBqAIUwgIIEAAYgAQYsQPCAg4QLhiABBixAxjHARjRA8ICDhAAGIAEGIoFGLEDGIMBwgIHECMY6gIYJ8ICDRAjGMkCGPAFGOoCGCfCAhAQABgDGI8BGOoCGLQC2AEBwgIQEC4YAxiPARjqAhi0AtgBAZgDCroGBggBEAEYCpIHATOgB5cNsgcBMrgHmgHCBwcwLjEuMS4xyAcRgAgB&amp;sclient=gws-wiz-serp&amp;mstk=AUtExfCezrIVvq2U7ThGFfHvSurowDlcz9Xlf7eCo5_Lr3EQIou9LRyecGudFisxhb57zHlqQa28FBxayLSIFSJLTKjpFTvmsLejy8tBKrMikveHJdSDd341kii-6NOajvb-6uQGiBbUCb7Xt0dpM-6Amvb0fTpmxlNcaTpjo6jIihsjq2-AAvH-TXTZX_kyJONsmVQnSDLmcZV5gGSWQ984baxGUm6fqd7esYSTEAPQ-67Xttyxa_Mvtm51iqBzjPx18_rsorA74qOa7CBJEATfMBK5&amp;csui=3\">Navaja T\u00e1ctica Albainox Seals Negra 19817<\/a><\/strong>\u00a0es una\u00a0herramienta vers\u00e1til y econ\u00f3mica, dise\u00f1ada en Espa\u00f1a, con hoja de acero inoxidable de 8-8.2 cm. Cuenta con mango de aluminio, sistema de apertura r\u00e1pida FOS, punta rompe vidrio y cortador de cintur\u00f3n, ideal para rescate y actividades outdoor.<\/p>\n<p><strong>Caracter\u00edsticas Principales:<\/strong><\/p>\n<ul>\n<li><strong>Marca:<\/strong>\u00a0Albainox (Modelo 19817).<\/li>\n<li><strong>Hoja:<\/strong>\u00a0Acero inoxidable, ~8 cm, color negro.<\/li>\n<li><strong>Mango:<\/strong>\u00a0Aluminio ergon\u00f3mico negro.<\/li>\n<li><strong>Apertura:<\/strong>\u00a0Sistema FOS (apertura r\u00e1pida).<\/li>\n<li><strong>Extras:<\/strong>\u00a0Clip de transporte, punta rompe vidrio, c\u00fater de seguridad.<\/li>\n<li><strong>Uso:<\/strong>\u00a0Camping, trekking, supervivencia y emergencias.<\/li>\n<\/ul>\n<p>Es una opci\u00f3n compacta y funcional para quienes buscan una herramienta de rescate multifuncional a un precio accesible.<\/p>\n<p>&nbsp;<\/p>","protected":false},"featured_media":33689,"comment_status":"open","ping_status":"closed","template":"","meta":[],"product_brand":[],"product_cat":[85,36,37],"product_tag":[],"class_list":{"0":"post-33688","1":"product","2":"type-product","3":"status-publish","4":"has-post-thumbnail","6":"product_cat-seguridad","7":"product_cat-caza","8":"product_cat-pesca","10":"first","11":"instock","12":"shipping-taxable","13":"purchasable","14":"product-type-simple"},"_links":{"self":[{"href":"https:\/\/urbantacs.cl\/en\/wp-json\/wp\/v2\/product\/33688","targetHints":{"allow":["GET"]}}],"collection":[{"href":"https:\/\/urbantacs.cl\/en\/wp-json\/wp\/v2\/product"}],"about":[{"href":"https:\/\/urbantacs.cl\/en\/wp-json\/wp\/v2\/types\/product"}],"replies":[{"embeddable":true,"href":"https:\/\/urbantacs.cl\/en\/wp-json\/wp\/v2\/comments?post=33688"}],"wp:featuredmedia":[{"embeddable":true,"href":"https:\/\/urbantacs.cl\/en\/wp-json\/wp\/v2\/media\/33689"}],"wp:attachment":[{"href":"https:\/\/urbantacs.cl\/en\/wp-json\/wp\/v2\/media?parent=33688"}],"wp:term":[{"taxonomy":"product_brand","embeddable":true,"href":"https:\/\/urbantacs.cl\/en\/wp-json\/wp\/v2\/product_brand?post=33688"},{"taxonomy":"product_cat","embeddable":true,"href":"https:\/\/urbantacs.cl\/en\/wp-json\/wp\/v2\/product_cat?post=33688"},{"taxonomy":"product_tag","embeddable":true,"href":"https:\/\/urbantacs.cl\/en\/wp-json\/wp\/v2\/product_tag?post=33688"}],"curies":[{"name":"wp","href":"https:\/\/api.w.org\/{rel}","templated":true}]}}