{"id":33700,"date":"2026-04-21T14:51:03","date_gmt":"2026-04-21T18:51:03","guid":{"rendered":"https:\/\/urbantacs.cl\/?post_type=product&#038;p=33700"},"modified":"2026-04-21T14:59:16","modified_gmt":"2026-04-21T18:59:16","slug":"cuchillo-tactico-k25-abs-12cm-id-31574","status":"publish","type":"product","link":"https:\/\/urbantacs.cl\/en\/product\/cuchillo-tactico-k25-abs-12cm-id-31574\/","title":{"rendered":"Cuchillo T\u00e1ctico K25 ABS 12cm ID 31574"},"content":{"rendered":"","protected":false},"excerpt":{"rendered":"<p>Cuchillo Tactico K25 ABS 12cm 31574 CAZA OUTDOOR CAMPING UCHILLO K25 T\u00c1CTICAL 31574 Hoja de acero inoxidable negra, mango de fibra sint\u00e9tica color negra, vaina semirr\u00edgida de cordura con pasador para el cintur\u00f3n. MANGO 120mm., HOJA 120mm. de 3,8mm. de espesor, PESO 213g.<\/p>","protected":false},"featured_media":33701,"comment_status":"open","ping_status":"closed","template":"","meta":[],"product_brand":[],"product_cat":[45],"product_tag":[],"class_list":{"0":"post-33700","1":"product","2":"type-product","3":"status-publish","4":"has-post-thumbnail","6":"product_cat-pistolas","8":"first","9":"instock","10":"shipping-taxable","11":"purchasable","12":"product-type-simple"},"_links":{"self":[{"href":"https:\/\/urbantacs.cl\/en\/wp-json\/wp\/v2\/product\/33700","targetHints":{"allow":["GET"]}}],"collection":[{"href":"https:\/\/urbantacs.cl\/en\/wp-json\/wp\/v2\/product"}],"about":[{"href":"https:\/\/urbantacs.cl\/en\/wp-json\/wp\/v2\/types\/product"}],"replies":[{"embeddable":true,"href":"https:\/\/urbantacs.cl\/en\/wp-json\/wp\/v2\/comments?post=33700"}],"wp:featuredmedia":[{"embeddable":true,"href":"https:\/\/urbantacs.cl\/en\/wp-json\/wp\/v2\/media\/33701"}],"wp:attachment":[{"href":"https:\/\/urbantacs.cl\/en\/wp-json\/wp\/v2\/media?parent=33700"}],"wp:term":[{"taxonomy":"product_brand","embeddable":true,"href":"https:\/\/urbantacs.cl\/en\/wp-json\/wp\/v2\/product_brand?post=33700"},{"taxonomy":"product_cat","embeddable":true,"href":"https:\/\/urbantacs.cl\/en\/wp-json\/wp\/v2\/product_cat?post=33700"},{"taxonomy":"product_tag","embeddable":true,"href":"https:\/\/urbantacs.cl\/en\/wp-json\/wp\/v2\/product_tag?post=33700"}],"curies":[{"name":"wp","href":"https:\/\/api.w.org\/{rel}","templated":true}]}}