{"id":33706,"date":"2026-04-21T15:17:21","date_gmt":"2026-04-21T19:17:21","guid":{"rendered":"https:\/\/urbantacs.cl\/?post_type=product&#038;p=33706"},"modified":"2026-04-21T15:18:04","modified_gmt":"2026-04-21T19:18:04","slug":"cuchillo-muela-pik-as-13-cm","status":"publish","type":"product","link":"https:\/\/urbantacs.cl\/en\/product\/cuchillo-muela-pik-as-13-cm\/","title":{"rendered":"Cuchillo  Muela  PIK-AS  13 cm  con Funda"},"content":{"rendered":"","protected":false},"excerpt":{"rendered":"<p>Cuchillo marca Muela modelo PIK-AS. Hoja elaborada con una aleaci\u00f3n de acero-molibdeno-vanadio y empu\u00f1adura elaborada con goma de textura adiamantada. Ret\u00e9n de acero con acabado en negro mate. Incorpora un ojal de bronce al final de la empu\u00f1adura para poder pasar un cord\u00f3n de seguridad. Incluye una funda de cuero de color marr\u00f3n, con broche met\u00e1lico de seguridad y pasador para la correa del cintur\u00f3n.<\/p>\n<p><strong>MEDIDAS :<\/strong><\/p>\n<ul>\n<li>Mango: aluminio<\/li>\n<li>Hoja: Acero Inox (Ba\u00f1o de titanio)<\/li>\n<li>Tama\u00f1o hoja: 10 cm<\/li>\n<li>Grosor: 3.8 cm<\/li>\n<\/ul>","protected":false},"featured_media":33707,"comment_status":"open","ping_status":"closed","template":"","meta":[],"product_brand":[],"product_cat":[85,36,37],"product_tag":[],"class_list":{"0":"post-33706","1":"product","2":"type-product","3":"status-publish","4":"has-post-thumbnail","6":"product_cat-seguridad","7":"product_cat-caza","8":"product_cat-pesca","10":"first","11":"instock","12":"shipping-taxable","13":"purchasable","14":"product-type-simple"},"_links":{"self":[{"href":"https:\/\/urbantacs.cl\/en\/wp-json\/wp\/v2\/product\/33706","targetHints":{"allow":["GET"]}}],"collection":[{"href":"https:\/\/urbantacs.cl\/en\/wp-json\/wp\/v2\/product"}],"about":[{"href":"https:\/\/urbantacs.cl\/en\/wp-json\/wp\/v2\/types\/product"}],"replies":[{"embeddable":true,"href":"https:\/\/urbantacs.cl\/en\/wp-json\/wp\/v2\/comments?post=33706"}],"wp:featuredmedia":[{"embeddable":true,"href":"https:\/\/urbantacs.cl\/en\/wp-json\/wp\/v2\/media\/33707"}],"wp:attachment":[{"href":"https:\/\/urbantacs.cl\/en\/wp-json\/wp\/v2\/media?parent=33706"}],"wp:term":[{"taxonomy":"product_brand","embeddable":true,"href":"https:\/\/urbantacs.cl\/en\/wp-json\/wp\/v2\/product_brand?post=33706"},{"taxonomy":"product_cat","embeddable":true,"href":"https:\/\/urbantacs.cl\/en\/wp-json\/wp\/v2\/product_cat?post=33706"},{"taxonomy":"product_tag","embeddable":true,"href":"https:\/\/urbantacs.cl\/en\/wp-json\/wp\/v2\/product_tag?post=33706"}],"curies":[{"name":"wp","href":"https:\/\/api.w.org\/{rel}","templated":true}]}}