{"id":33710,"date":"2026-04-22T16:56:20","date_gmt":"2026-04-22T20:56:20","guid":{"rendered":"https:\/\/urbantacs.cl\/?post_type=product&#038;p=33710"},"modified":"2026-04-24T11:15:16","modified_gmt":"2026-04-24T15:15:16","slug":"limpiador-de-armas-ballisto-spray-250-ml","status":"publish","type":"product","link":"https:\/\/urbantacs.cl\/en\/product\/limpiador-de-armas-ballisto-spray-250-ml\/","title":{"rendered":"LIMPIADOR  DE ARMAS BALLISTO SPRAY  250 ML"},"content":{"rendered":"","protected":false},"excerpt":{"rendered":"<p>El limpiador de armas\u00a0<a href=\"https:\/\/www.knivesandtools.es\/es\/ct\/destacado-ballistol.htm\">Ballistol<\/a>\u00a0es un producto vers\u00e1til, biodegradable y seguro para la piel, ideal para limpiar, lubricar y proteger metales, madera y cuero. Elimina eficazmente residuos de p\u00f3lvora, plomo, cobre y \u00f3xido, siendo\u00a0<a href=\"https:\/\/www.armas.es\/foros\/viewtopic.php?t=1043850\">muy valorado<\/a>\u00a0por su alta capacidad de penetraci\u00f3n en mecanismos complejos y su f\u00f3rmula respetuosa con el medio ambiente.<\/p>\n<p><strong>Caracter\u00edsticas Principales:<\/strong><\/p>\n<ul>\n<li><strong>Acci\u00f3n Integral:<\/strong>\u00a0Limpia, lubrica, protege contra la corrosi\u00f3n y desinfecta.<\/li>\n<li><strong>Seguridad:<\/strong>\u00a0No t\u00f3xico, biodegradable y seguro para el usuario.<\/li>\n<li><strong>Versatilidad:<\/strong>\u00a0Seguro sobre metales, pl\u00e1sticos, gomas y maderas.<\/li>\n<li><strong>Aplicaci\u00f3n:<\/strong>\u00a0Disponible en spray de alta presi\u00f3n para lugares de dif\u00edcil acceso.<\/li>\n<\/ul>\n<p><strong>Usos Recomendados:<\/strong><\/p>\n<ul>\n<li><strong>Limpieza de Ca\u00f1ones:<\/strong>\u00a0Elimina eficazmente el holl\u00edn, plomo y sedimentos.<\/li>\n<li><strong>Lubricaci\u00f3n:<\/strong>\u00a0Penetra en grietas y protege las partes m\u00f3viles.<\/li>\n<li><strong>Cuidado de la Madera:<\/strong>\u00a0Mantiene las culatas de madera.<\/li>\n<li><strong>Mantenimiento:<\/strong>\u00a0Ideal para mantener las armas en climas h\u00famedos gracias a su capacidad anticorrosiva.<\/li>\n<\/ul>\n<p>El\u00a0Aceite Ballistol\u00a0es considerado una \u00abcura milagrosa\u00bb en el mantenimiento de armas, con m\u00e1s de 120 a\u00f1os de experiencia, convirti\u00e9ndolo en un est\u00e1ndar en la industria.<\/p>\n<p>&nbsp;<\/p>","protected":false},"featured_media":33751,"comment_status":"open","ping_status":"closed","template":"","meta":[],"product_brand":[],"product_cat":[43],"product_tag":[],"class_list":{"0":"post-33710","1":"product","2":"type-product","3":"status-publish","4":"has-post-thumbnail","6":"product_cat-accesorios","8":"first","9":"instock","10":"sale","11":"shipping-taxable","12":"purchasable","13":"product-type-simple"},"_links":{"self":[{"href":"https:\/\/urbantacs.cl\/en\/wp-json\/wp\/v2\/product\/33710","targetHints":{"allow":["GET"]}}],"collection":[{"href":"https:\/\/urbantacs.cl\/en\/wp-json\/wp\/v2\/product"}],"about":[{"href":"https:\/\/urbantacs.cl\/en\/wp-json\/wp\/v2\/types\/product"}],"replies":[{"embeddable":true,"href":"https:\/\/urbantacs.cl\/en\/wp-json\/wp\/v2\/comments?post=33710"}],"wp:featuredmedia":[{"embeddable":true,"href":"https:\/\/urbantacs.cl\/en\/wp-json\/wp\/v2\/media\/33751"}],"wp:attachment":[{"href":"https:\/\/urbantacs.cl\/en\/wp-json\/wp\/v2\/media?parent=33710"}],"wp:term":[{"taxonomy":"product_brand","embeddable":true,"href":"https:\/\/urbantacs.cl\/en\/wp-json\/wp\/v2\/product_brand?post=33710"},{"taxonomy":"product_cat","embeddable":true,"href":"https:\/\/urbantacs.cl\/en\/wp-json\/wp\/v2\/product_cat?post=33710"},{"taxonomy":"product_tag","embeddable":true,"href":"https:\/\/urbantacs.cl\/en\/wp-json\/wp\/v2\/product_tag?post=33710"}],"curies":[{"name":"wp","href":"https:\/\/api.w.org\/{rel}","templated":true}]}}